{"id":14782,"date":"2023-11-03T23:48:13","date_gmt":"2023-11-03T22:48:13","guid":{"rendered":"http:\/\/innocentiemangonipiante.it\/caesalpinia-gilliesii\/"},"modified":"2023-11-06T17:36:10","modified_gmt":"2023-11-06T16:36:10","slug":"caesalpinia-gilliesii","status":"publish","type":"product","link":"https:\/\/innocentiemangonipiante.it\/de\/caesalpinia-gilliesii\/","title":{"rendered":"CAESALPINIA gilliesii"},"content":{"rendered":"<p>Die gr\u00fcnen Bl\u00e4tter sind paarig gefiedert, 20 cm lang und bestehen aus zahlreichen kleinen l\u00e4nglichen 0,5 &#8211; 1 cm langen Bl\u00e4ttern. Im Sommer sprie\u00dfen aufrecht stehende 30-40 cm lange gelbe Bl\u00fcten.<\/p>\n","protected":false},"excerpt":{"rendered":"<p>Die gr\u00fcnen Bl\u00e4tter sind paarig gefiedert, 20 cm lang und bestehen aus zahlreichen kleinen l\u00e4nglichen 0,5 &#8211; 1 cm langen Bl\u00e4ttern. Im Sommer sprie\u00dfen aufrecht stehende 30-40 cm lange gelbe Bl\u00fcten.<\/p>\n","protected":false},"featured_media":1207,"template":"","meta":{"_acf_changed":false},"product_brand":[],"product_cat":[8813],"product_tag":[10898,8736,8565],"class_list":{"0":"post-14782","1":"product","2":"type-product","3":"status-publish","4":"has-post-thumbnail","6":"product_cat-laubbaume-und-straucher","7":"product_tag-naturlichen","8":"product_tag-fusstamm","9":"product_tag-halbstamm","10":"pa_altezza-massima-200-de","11":"pa_altezza-massima-400-de","12":"pa_colore-fioritura-gelbe","13":"pa_condizionamento-clt-de","14":"pa_famiglia-leguminosae-de","15":"pa_genere-caesalpinia-de","16":"pa_origine-sudamerika","17":"pa_periodo-fioritura-august-de","18":"pa_periodo-fioritura-juli","19":"pa_periodo-fioritura-juni","20":"pa_portamento-arrotondato-de","21":"pa_resistenza-climatica-pflanzen-mit-geringem-klimawiderstand","22":"pa_resistenza-del-suolo-bestandig-gegen-trockene-boden","23":"pa_salinita-bestaendigkeit-in-meeresluft","24":"pa_utilizzo-hecken","25":"pa_utilizzo-kleine-gaerten","27":"first","28":"instock","29":"purchasable","30":"product-type-simple"},"acf":[],"_links":{"self":[{"href":"https:\/\/innocentiemangonipiante.it\/de\/wp-json\/wp\/v2\/product\/14782","targetHints":{"allow":["GET"]}}],"collection":[{"href":"https:\/\/innocentiemangonipiante.it\/de\/wp-json\/wp\/v2\/product"}],"about":[{"href":"https:\/\/innocentiemangonipiante.it\/de\/wp-json\/wp\/v2\/types\/product"}],"wp:featuredmedia":[{"embeddable":true,"href":"https:\/\/innocentiemangonipiante.it\/de\/wp-json\/wp\/v2\/media\/1207"}],"wp:attachment":[{"href":"https:\/\/innocentiemangonipiante.it\/de\/wp-json\/wp\/v2\/media?parent=14782"}],"wp:term":[{"taxonomy":"product_brand","embeddable":true,"href":"https:\/\/innocentiemangonipiante.it\/de\/wp-json\/wp\/v2\/product_brand?post=14782"},{"taxonomy":"product_cat","embeddable":true,"href":"https:\/\/innocentiemangonipiante.it\/de\/wp-json\/wp\/v2\/product_cat?post=14782"},{"taxonomy":"product_tag","embeddable":true,"href":"https:\/\/innocentiemangonipiante.it\/de\/wp-json\/wp\/v2\/product_tag?post=14782"}],"curies":[{"name":"wp","href":"https:\/\/api.w.org\/{rel}","templated":true}]}}