{"id":14783,"date":"2023-11-03T23:48:46","date_gmt":"2023-11-03T22:48:46","guid":{"rendered":"http:\/\/innocentiemangonipiante.it\/callicarpa-dichotoma-issai\/"},"modified":"2023-11-06T17:36:24","modified_gmt":"2023-11-06T16:36:24","slug":"callicarpa-dichotoma-issai","status":"publish","type":"product","link":"https:\/\/innocentiemangonipiante.it\/de\/callicarpa-dichotoma-issai\/","title":{"rendered":"CALLICARPA dichotoma &#8218;Issai&#8216;"},"content":{"rendered":"<p>Kleiner sommergr\u00fcner Strauch mit rundem Wuchs und gr\u00fcnem elliptisch bis eif\u00f6rmigen Blatt. Produziert lavendelblaue Bl\u00fcten, gefolgt von lilafarbenen Fr\u00fcchten. Fr\u00fcchte erscheinen schon im jungen Alter.<\/p>\n","protected":false},"excerpt":{"rendered":"<p>Kleiner sommergr\u00fcner Strauch mit rundem Wuchs und gr\u00fcnem elliptisch bis eif\u00f6rmigen Blatt. Produziert lavendelblaue Bl\u00fcten, gefolgt von lilafarbenen Fr\u00fcchten. Fr\u00fcchte erscheinen schon im jungen Alter.<\/p>\n","protected":false},"featured_media":1218,"template":"","meta":{"_acf_changed":false},"product_brand":[],"product_cat":[8813],"product_tag":[10898],"class_list":{"0":"post-14783","1":"product","2":"type-product","3":"status-publish","4":"has-post-thumbnail","6":"product_cat-laubbaume-und-straucher","7":"product_tag-naturlichen","8":"pa_altezza-massima-0_50-meter","9":"pa_altezza-massima-100-de","10":"pa_colore-fioritura-lila","11":"pa_condizionamento-clt-de","12":"pa_famiglia-verbenaceae-de","13":"pa_genere-callicarpa-de","14":"pa_origine-ostasien","15":"pa_periodo-fioritura-dezember","16":"pa_periodo-fioritura-november-de","17":"pa_periodo-fioritura-oktober","18":"pa_portamento-arcuato-de","19":"pa_resistenza-climatica-sehr-hoch","20":"pa_utilizzo-hecken","21":"pa_utilizzo-kleine-gaerten","23":"first","24":"instock","25":"purchasable","26":"product-type-simple"},"acf":[],"_links":{"self":[{"href":"https:\/\/innocentiemangonipiante.it\/de\/wp-json\/wp\/v2\/product\/14783","targetHints":{"allow":["GET"]}}],"collection":[{"href":"https:\/\/innocentiemangonipiante.it\/de\/wp-json\/wp\/v2\/product"}],"about":[{"href":"https:\/\/innocentiemangonipiante.it\/de\/wp-json\/wp\/v2\/types\/product"}],"wp:featuredmedia":[{"embeddable":true,"href":"https:\/\/innocentiemangonipiante.it\/de\/wp-json\/wp\/v2\/media\/1218"}],"wp:attachment":[{"href":"https:\/\/innocentiemangonipiante.it\/de\/wp-json\/wp\/v2\/media?parent=14783"}],"wp:term":[{"taxonomy":"product_brand","embeddable":true,"href":"https:\/\/innocentiemangonipiante.it\/de\/wp-json\/wp\/v2\/product_brand?post=14783"},{"taxonomy":"product_cat","embeddable":true,"href":"https:\/\/innocentiemangonipiante.it\/de\/wp-json\/wp\/v2\/product_cat?post=14783"},{"taxonomy":"product_tag","embeddable":true,"href":"https:\/\/innocentiemangonipiante.it\/de\/wp-json\/wp\/v2\/product_tag?post=14783"}],"curies":[{"name":"wp","href":"https:\/\/api.w.org\/{rel}","templated":true}]}}