{"id":14785,"date":"2023-11-03T23:49:06","date_gmt":"2023-11-03T22:49:06","guid":{"rendered":"http:\/\/innocentiemangonipiante.it\/callistemon-laevis\/"},"modified":"2023-11-06T17:36:34","modified_gmt":"2023-11-06T16:36:34","slug":"callistemon-laevis","status":"publish","type":"product","link":"https:\/\/innocentiemangonipiante.it\/de\/callistemon-laevis\/","title":{"rendered":"CALLISTEMON laevis"},"content":{"rendered":"<p>Best\u00e4ndiger Strauch mit lanzettlichen, steifen hellgr\u00fcnen Bl\u00e4ttern. Sehr eigenartige rote Bl\u00fcten in zylindrischer \u00c4hrenform, die mehrmals in einer Saison bl\u00fchen, normalerweise im Mai, Juni und September.<\/p>\n","protected":false},"excerpt":{"rendered":"<p>Best\u00e4ndiger Strauch mit lanzettlichen, steifen hellgr\u00fcnen Bl\u00e4ttern. Sehr eigenartige rote Bl\u00fcten in zylindrischer \u00c4hrenform, die mehrmals in einer Saison bl\u00fchen, normalerweise im Mai, Juni und September.<\/p>\n","protected":false},"featured_media":1225,"template":"","meta":{"_acf_changed":false},"product_brand":[],"product_cat":[8816,9231],"product_tag":[10898,8736,8565,8401],"class_list":{"0":"post-14785","1":"product","2":"type-product","3":"status-publish","4":"has-post-thumbnail","6":"product_cat-hartnaeckige-baeume-und-straeucher","7":"product_cat-baume-und-pflanzen-der-zukunft","8":"product_tag-naturlichen","9":"product_tag-fusstamm","10":"product_tag-halbstamm","11":"product_tag-hochstamm","12":"pa_altezza-massima-200-de","13":"pa_altezza-massima-400-de","14":"pa_colore-fioritura-rot","15":"pa_condizionamento-clt-de","16":"pa_condizionamento-jungplanzen","17":"pa_famiglia-myrtaceae-de","18":"pa_genere-callistemon-de","19":"pa_origine-australien","20":"pa_periodo-fioritura-juli","21":"pa_periodo-fioritura-mai-de","22":"pa_periodo-fioritura-september-de","23":"pa_portamento-arcuato-de","24":"pa_resistenza-climatica-pflanzen-mit-geringem-klimawiderstand","25":"pa_resistenza-del-suolo-bestandig-gegen-trockene-boden","26":"pa_salinita-bestaendigkeit-in-meeresluft","27":"pa_utilizzo-hecken","28":"pa_utilizzo-kleine-gaerten","30":"first","31":"instock","32":"purchasable","33":"product-type-simple"},"acf":[],"_links":{"self":[{"href":"https:\/\/innocentiemangonipiante.it\/de\/wp-json\/wp\/v2\/product\/14785","targetHints":{"allow":["GET"]}}],"collection":[{"href":"https:\/\/innocentiemangonipiante.it\/de\/wp-json\/wp\/v2\/product"}],"about":[{"href":"https:\/\/innocentiemangonipiante.it\/de\/wp-json\/wp\/v2\/types\/product"}],"wp:featuredmedia":[{"embeddable":true,"href":"https:\/\/innocentiemangonipiante.it\/de\/wp-json\/wp\/v2\/media\/1225"}],"wp:attachment":[{"href":"https:\/\/innocentiemangonipiante.it\/de\/wp-json\/wp\/v2\/media?parent=14785"}],"wp:term":[{"taxonomy":"product_brand","embeddable":true,"href":"https:\/\/innocentiemangonipiante.it\/de\/wp-json\/wp\/v2\/product_brand?post=14785"},{"taxonomy":"product_cat","embeddable":true,"href":"https:\/\/innocentiemangonipiante.it\/de\/wp-json\/wp\/v2\/product_cat?post=14785"},{"taxonomy":"product_tag","embeddable":true,"href":"https:\/\/innocentiemangonipiante.it\/de\/wp-json\/wp\/v2\/product_tag?post=14785"}],"curies":[{"name":"wp","href":"https:\/\/api.w.org\/{rel}","templated":true}]}}