{"id":14786,"date":"2023-11-03T23:49:35","date_gmt":"2023-11-03T22:49:35","guid":{"rendered":"http:\/\/innocentiemangonipiante.it\/calocedrus-decurrens-aureovariegata\/"},"modified":"2023-11-06T17:37:12","modified_gmt":"2023-11-06T16:37:12","slug":"calocedrus-decurrens-aureovariegata","status":"publish","type":"product","link":"https:\/\/innocentiemangonipiante.it\/de\/calocedrus-decurrens-aureovariegata\/","title":{"rendered":"CALOCEDRUS decurrens &#8218;Aureovariegata&#8216;"},"content":{"rendered":"<p>\u00c4hnliche Eigenschaften wie die Grundsorte. Die Bl\u00e4tter sind gelb gefleckt. Geeignet als Solit\u00e4r-Baum oder in kleinen Gruppen. Sehr interessant wo es \u2018Licht\u2019 gefragt wird.<\/p>\n","protected":false},"excerpt":{"rendered":"<p>\u00c4hnliche Eigenschaften wie die Grundsorte. Die Bl\u00e4tter sind gelb gefleckt. Geeignet als Solit\u00e4r-Baum oder in kleinen Gruppen. Sehr interessant wo es \u2018Licht\u2019 gefragt wird.<\/p>\n","protected":false},"featured_media":1237,"template":"","meta":{"_acf_changed":false},"product_brand":[],"product_cat":[8825],"product_tag":[10898],"class_list":{"0":"post-14786","1":"product","2":"type-product","3":"status-publish","4":"has-post-thumbnail","6":"product_cat-koniferen","7":"product_tag-naturlichen","8":"pa_altezza-massima-800-de","9":"pa_altezza-massima-12-meter","10":"pa_colore-delle-foglie-gelben","11":"pa_condizionamento-clt-de","12":"pa_condizionamento-m-de","13":"pa_famiglia-cupressaceae-de","14":"pa_genere-calocedrus-de","15":"pa_inquinamento-bestaendigkeit-gegen-smog","16":"pa_origine-u-s-a","17":"pa_portamento-saulenformig","18":"pa_resistenza-climatica-sehr-hoch","19":"pa_resistenza-del-suolo-bestandig-gegen-kalkhaltige-boden","20":"pa_resistenza-del-suolo-bestandig-gegen-trockene-boden","21":"pa_utilizzo-parks-de","23":"first","24":"instock","25":"purchasable","26":"product-type-simple"},"acf":[],"_links":{"self":[{"href":"https:\/\/innocentiemangonipiante.it\/de\/wp-json\/wp\/v2\/product\/14786","targetHints":{"allow":["GET"]}}],"collection":[{"href":"https:\/\/innocentiemangonipiante.it\/de\/wp-json\/wp\/v2\/product"}],"about":[{"href":"https:\/\/innocentiemangonipiante.it\/de\/wp-json\/wp\/v2\/types\/product"}],"wp:featuredmedia":[{"embeddable":true,"href":"https:\/\/innocentiemangonipiante.it\/de\/wp-json\/wp\/v2\/media\/1237"}],"wp:attachment":[{"href":"https:\/\/innocentiemangonipiante.it\/de\/wp-json\/wp\/v2\/media?parent=14786"}],"wp:term":[{"taxonomy":"product_brand","embeddable":true,"href":"https:\/\/innocentiemangonipiante.it\/de\/wp-json\/wp\/v2\/product_brand?post=14786"},{"taxonomy":"product_cat","embeddable":true,"href":"https:\/\/innocentiemangonipiante.it\/de\/wp-json\/wp\/v2\/product_cat?post=14786"},{"taxonomy":"product_tag","embeddable":true,"href":"https:\/\/innocentiemangonipiante.it\/de\/wp-json\/wp\/v2\/product_tag?post=14786"}],"curies":[{"name":"wp","href":"https:\/\/api.w.org\/{rel}","templated":true}]}}