{"id":14788,"date":"2023-11-03T23:50:01","date_gmt":"2023-11-03T22:50:01","guid":{"rendered":"http:\/\/innocentiemangonipiante.it\/calycanthus-praecox\/"},"modified":"2023-11-06T17:37:25","modified_gmt":"2023-11-06T16:37:25","slug":"calycanthus-praecox","status":"publish","type":"product","link":"https:\/\/innocentiemangonipiante.it\/de\/calycanthus-praecox\/","title":{"rendered":"CALYCANTHUS praecox"},"content":{"rendered":"<p>Sommergr\u00fcner Baum mit aufrechtem Wuchs und gr\u00fcnen, gegen\u00fcberliegenden bis zu 20 cm langen Bl\u00e4ttern. Im Winter sprie\u00dfen auf den nackten Zweigen gelbe duftende Bl\u00fcten, die bis zu 3 cm breit sind.<\/p>\n","protected":false},"excerpt":{"rendered":"<p>Sommergr\u00fcner Baum mit aufrechtem Wuchs und gr\u00fcnen, gegen\u00fcberliegenden bis zu 20 cm langen Bl\u00e4ttern. Im Winter sprie\u00dfen auf den nackten Zweigen gelbe duftende Bl\u00fcten, die bis zu 3 cm breit sind.<\/p>\n","protected":false},"featured_media":1249,"template":"","meta":{"_acf_changed":false},"product_brand":[],"product_cat":[8813],"product_tag":[10898],"class_list":{"0":"post-14788","1":"product","2":"type-product","3":"status-publish","4":"has-post-thumbnail","6":"product_cat-laubbaume-und-straucher","7":"product_tag-naturlichen","8":"pa_altezza-massima-300-de","9":"pa_altezza-massima-400-de","10":"pa_colore-fioritura-gelbe","11":"pa_condizionamento-clt-de","12":"pa_famiglia-calycanthaceae-de","13":"pa_genere-calycanthus-de","14":"pa_origine-ostasien","15":"pa_periodo-fioritura-dezember","16":"pa_periodo-fioritura-januar","17":"pa_portamento-cespuglioso-de","18":"pa_profumo-intensiv","19":"pa_resistenza-climatica-sehr-hoch","20":"pa_resistenza-del-suolo-bestandig-gegen-kalkhaltige-boden","21":"pa_resistenza-del-suolo-bestandigkeit-auf-feuchten-boden","22":"pa_utilizzo-kleine-gaerten","23":"pa_utilizzo-parks-de","25":"first","26":"instock","27":"purchasable","28":"product-type-simple"},"acf":[],"_links":{"self":[{"href":"https:\/\/innocentiemangonipiante.it\/de\/wp-json\/wp\/v2\/product\/14788","targetHints":{"allow":["GET"]}}],"collection":[{"href":"https:\/\/innocentiemangonipiante.it\/de\/wp-json\/wp\/v2\/product"}],"about":[{"href":"https:\/\/innocentiemangonipiante.it\/de\/wp-json\/wp\/v2\/types\/product"}],"wp:featuredmedia":[{"embeddable":true,"href":"https:\/\/innocentiemangonipiante.it\/de\/wp-json\/wp\/v2\/media\/1249"}],"wp:attachment":[{"href":"https:\/\/innocentiemangonipiante.it\/de\/wp-json\/wp\/v2\/media?parent=14788"}],"wp:term":[{"taxonomy":"product_brand","embeddable":true,"href":"https:\/\/innocentiemangonipiante.it\/de\/wp-json\/wp\/v2\/product_brand?post=14788"},{"taxonomy":"product_cat","embeddable":true,"href":"https:\/\/innocentiemangonipiante.it\/de\/wp-json\/wp\/v2\/product_cat?post=14788"},{"taxonomy":"product_tag","embeddable":true,"href":"https:\/\/innocentiemangonipiante.it\/de\/wp-json\/wp\/v2\/product_tag?post=14788"}],"curies":[{"name":"wp","href":"https:\/\/api.w.org\/{rel}","templated":true}]}}