{"id":14789,"date":"2023-11-03T23:49:42","date_gmt":"2023-11-03T22:49:42","guid":{"rendered":"http:\/\/innocentiemangonipiante.it\/calycanthus-floridus\/"},"modified":"2023-11-06T17:37:15","modified_gmt":"2023-11-06T16:37:15","slug":"calycanthus-floridus","status":"publish","type":"product","link":"https:\/\/innocentiemangonipiante.it\/de\/calycanthus-floridus\/","title":{"rendered":"CALYCANTHUS floridus"},"content":{"rendered":"<p>Sommergr\u00fcner, ausbreitender, b\u00fcschiger Strauch mit dunkelgr\u00fcnen, von eif\u00f6rmig- bis l\u00e4nglichen 12cm langen Bl\u00e4ttern. Im Sommer dunkelrote Bl\u00fcte.<\/p>\n","protected":false},"excerpt":{"rendered":"<p>Sommergr\u00fcner, ausbreitender, b\u00fcschiger Strauch mit dunkelgr\u00fcnen, von eif\u00f6rmig- bis l\u00e4nglichen 12cm langen Bl\u00e4ttern. Im Sommer dunkelrote Bl\u00fcte.<\/p>\n","protected":false},"featured_media":1243,"template":"","meta":{"_acf_changed":false},"product_brand":[],"product_cat":[8813],"product_tag":[10898],"class_list":{"0":"post-14789","1":"product","2":"type-product","3":"status-publish","4":"has-post-thumbnail","6":"product_cat-laubbaume-und-straucher","7":"product_tag-naturlichen","8":"pa_altezza-massima-200-de","9":"pa_altezza-massima-300-de","10":"pa_colore-fioritura-rot","11":"pa_condizionamento-clt-de","12":"pa_famiglia-calycanthaceae-de","13":"pa_genere-calycanthus-de","14":"pa_inquinamento-bestaendigkeit-gegen-smog","15":"pa_origine-u-s-a","16":"pa_periodo-fioritura-august-de","17":"pa_periodo-fioritura-juli","18":"pa_periodo-fioritura-juni","19":"pa_portamento-cespuglioso-de","20":"pa_profumo-intensiv","21":"pa_resistenza-climatica-sehr-hoch","22":"pa_resistenza-del-suolo-bestandig-gegen-kalkhaltige-boden","23":"pa_resistenza-del-suolo-bestandigkeit-auf-feuchten-boden","24":"pa_utilizzo-kleine-gaerten","25":"pa_utilizzo-parks-de","27":"first","28":"instock","29":"purchasable","30":"product-type-simple"},"acf":[],"_links":{"self":[{"href":"https:\/\/innocentiemangonipiante.it\/de\/wp-json\/wp\/v2\/product\/14789","targetHints":{"allow":["GET"]}}],"collection":[{"href":"https:\/\/innocentiemangonipiante.it\/de\/wp-json\/wp\/v2\/product"}],"about":[{"href":"https:\/\/innocentiemangonipiante.it\/de\/wp-json\/wp\/v2\/types\/product"}],"wp:featuredmedia":[{"embeddable":true,"href":"https:\/\/innocentiemangonipiante.it\/de\/wp-json\/wp\/v2\/media\/1243"}],"wp:attachment":[{"href":"https:\/\/innocentiemangonipiante.it\/de\/wp-json\/wp\/v2\/media?parent=14789"}],"wp:term":[{"taxonomy":"product_brand","embeddable":true,"href":"https:\/\/innocentiemangonipiante.it\/de\/wp-json\/wp\/v2\/product_brand?post=14789"},{"taxonomy":"product_cat","embeddable":true,"href":"https:\/\/innocentiemangonipiante.it\/de\/wp-json\/wp\/v2\/product_cat?post=14789"},{"taxonomy":"product_tag","embeddable":true,"href":"https:\/\/innocentiemangonipiante.it\/de\/wp-json\/wp\/v2\/product_tag?post=14789"}],"curies":[{"name":"wp","href":"https:\/\/api.w.org\/{rel}","templated":true}]}}