{"id":14790,"date":"2023-11-03T23:58:18","date_gmt":"2023-11-03T22:58:18","guid":{"rendered":"http:\/\/innocentiemangonipiante.it\/camellia-sasanqua-yuletide\/"},"modified":"2023-11-06T17:42:29","modified_gmt":"2023-11-06T16:42:29","slug":"camellia-sasanqua-yuletide","status":"publish","type":"product","link":"https:\/\/innocentiemangonipiante.it\/de\/camellia-sasanqua-yuletide\/","title":{"rendered":"CAMELLIA sasanqua &#8218;Yuletide&#8216;"},"content":{"rendered":"<p>Immergr\u00fcner Strauch mit kleinen ovalen dunkelgr\u00fcnen Bl\u00e4ttern. Die Winterbl\u00fcte hat leuchtend rote Bl\u00fcten mit gelben Stempeln, die in der Mitte deutlich sichtbar sind.<\/p>\n","protected":false},"excerpt":{"rendered":"<p>Immergr\u00fcner Strauch mit kleinen ovalen dunkelgr\u00fcnen Bl\u00e4ttern. Die Winterbl\u00fcte hat leuchtend rote Bl\u00fcten mit gelben Stempeln, die in der Mitte deutlich sichtbar sind.<\/p>\n","protected":false},"featured_media":1322,"template":"","meta":{"_acf_changed":false},"product_brand":[],"product_cat":[8816],"product_tag":[10898,8401,8487],"class_list":{"0":"post-14790","1":"product","2":"type-product","3":"status-publish","4":"has-post-thumbnail","6":"product_cat-hartnaeckige-baeume-und-straeucher","7":"product_tag-naturlichen","8":"product_tag-hochstamm","9":"product_tag-kasten","10":"pa_altezza-massima-200-de","11":"pa_altezza-massima-250-de","12":"pa_colore-fioritura-rot","13":"pa_condizionamento-clt-de","14":"pa_condizionamento-jungplanzen","15":"pa_condizionamento-m-de","16":"pa_famiglia-theaceae-de","17":"pa_genere-camellia-de","18":"pa_origine-u-s-a","19":"pa_periodo-fioritura-dezember","20":"pa_periodo-fioritura-januar","21":"pa_periodo-fioritura-november-de","22":"pa_portamento-cespuglioso-de","23":"pa_resistenza-climatica-sehr-hoch","24":"pa_utilizzo-kleine-gaerten","25":"pa_utilizzo-parks-de","27":"first","28":"instock","29":"purchasable","30":"product-type-simple"},"acf":[],"_links":{"self":[{"href":"https:\/\/innocentiemangonipiante.it\/de\/wp-json\/wp\/v2\/product\/14790","targetHints":{"allow":["GET"]}}],"collection":[{"href":"https:\/\/innocentiemangonipiante.it\/de\/wp-json\/wp\/v2\/product"}],"about":[{"href":"https:\/\/innocentiemangonipiante.it\/de\/wp-json\/wp\/v2\/types\/product"}],"wp:featuredmedia":[{"embeddable":true,"href":"https:\/\/innocentiemangonipiante.it\/de\/wp-json\/wp\/v2\/media\/1322"}],"wp:attachment":[{"href":"https:\/\/innocentiemangonipiante.it\/de\/wp-json\/wp\/v2\/media?parent=14790"}],"wp:term":[{"taxonomy":"product_brand","embeddable":true,"href":"https:\/\/innocentiemangonipiante.it\/de\/wp-json\/wp\/v2\/product_brand?post=14790"},{"taxonomy":"product_cat","embeddable":true,"href":"https:\/\/innocentiemangonipiante.it\/de\/wp-json\/wp\/v2\/product_cat?post=14790"},{"taxonomy":"product_tag","embeddable":true,"href":"https:\/\/innocentiemangonipiante.it\/de\/wp-json\/wp\/v2\/product_tag?post=14790"}],"curies":[{"name":"wp","href":"https:\/\/api.w.org\/{rel}","templated":true}]}}