{"id":14795,"date":"2023-11-03T23:55:58","date_gmt":"2023-11-03T22:55:58","guid":{"rendered":"http:\/\/innocentiemangonipiante.it\/camellia-japonica-in-varieta\/"},"modified":"2023-11-06T17:40:58","modified_gmt":"2023-11-06T16:40:58","slug":"camellia-japonica-in-varieta","status":"publish","type":"product","link":"https:\/\/innocentiemangonipiante.it\/de\/camellia-japonica-in-varieta\/","title":{"rendered":"CAMELLIA japonica in variet\u00e0"},"content":{"rendered":"<p>Eine Gattung, die mehr als 250 Straucharten umfasst, die urspr\u00fcnglich von den sauren B\u00f6den Chinas und Japans abstammen. Die wechselst\u00e4ndig angeordneten Bl\u00e4tter gl\u00e4nzen und sind hell- bis dunkelgr\u00fcn, lanzettartig bis elliptisch mit gez\u00e4hnten R\u00e4ndern.<\/p>\n","protected":false},"excerpt":{"rendered":"<p>Eine Gattung, die mehr als 250 Straucharten umfasst, die urspr\u00fcnglich von den sauren B\u00f6den Chinas und Japans abstammen. Die wechselst\u00e4ndig angeordneten Bl\u00e4tter gl\u00e4nzen und sind hell- bis dunkelgr\u00fcn, lanzettartig bis elliptisch mit gez\u00e4hnten R\u00e4ndern.<\/p>\n","protected":false},"featured_media":1261,"template":"","meta":{"_acf_changed":false},"product_brand":[],"product_cat":[8816],"product_tag":[10898],"class_list":{"0":"post-14795","1":"product","2":"type-product","3":"status-publish","4":"has-post-thumbnail","6":"product_cat-hartnaeckige-baeume-und-straeucher","7":"product_tag-naturlichen","8":"pa_altezza-massima-600-de","9":"pa_altezza-massima-900-de","10":"pa_colore-fioritura-rose-de","11":"pa_famiglia-theaceae-de","12":"pa_genere-camellia-de","13":"pa_origine-ostasien","14":"pa_periodo-fioritura-april-de","15":"pa_periodo-fioritura-februar","16":"pa_periodo-fioritura-mai-de","17":"pa_periodo-fioritura-maerz","18":"pa_portamento-cespuglioso-de","19":"pa_resistenza-climatica-mittel-hoch","20":"pa_utilizzo-balkone","21":"pa_utilizzo-kleine-gaerten","22":"pa_utilizzo-parks-de","24":"first","25":"instock","26":"purchasable","27":"product-type-simple"},"acf":[],"_links":{"self":[{"href":"https:\/\/innocentiemangonipiante.it\/de\/wp-json\/wp\/v2\/product\/14795","targetHints":{"allow":["GET"]}}],"collection":[{"href":"https:\/\/innocentiemangonipiante.it\/de\/wp-json\/wp\/v2\/product"}],"about":[{"href":"https:\/\/innocentiemangonipiante.it\/de\/wp-json\/wp\/v2\/types\/product"}],"wp:featuredmedia":[{"embeddable":true,"href":"https:\/\/innocentiemangonipiante.it\/de\/wp-json\/wp\/v2\/media\/1261"}],"wp:attachment":[{"href":"https:\/\/innocentiemangonipiante.it\/de\/wp-json\/wp\/v2\/media?parent=14795"}],"wp:term":[{"taxonomy":"product_brand","embeddable":true,"href":"https:\/\/innocentiemangonipiante.it\/de\/wp-json\/wp\/v2\/product_brand?post=14795"},{"taxonomy":"product_cat","embeddable":true,"href":"https:\/\/innocentiemangonipiante.it\/de\/wp-json\/wp\/v2\/product_cat?post=14795"},{"taxonomy":"product_tag","embeddable":true,"href":"https:\/\/innocentiemangonipiante.it\/de\/wp-json\/wp\/v2\/product_tag?post=14795"}],"curies":[{"name":"wp","href":"https:\/\/api.w.org\/{rel}","templated":true}]}}