{"id":14800,"date":"2023-11-03T23:56:24","date_gmt":"2023-11-03T22:56:24","guid":{"rendered":"http:\/\/innocentiemangonipiante.it\/camellia-sasanqua-cleopatra\/"},"modified":"2023-11-06T17:41:09","modified_gmt":"2023-11-06T16:41:09","slug":"camellia-sasanqua-cleopatra","status":"publish","type":"product","link":"https:\/\/innocentiemangonipiante.it\/de\/camellia-sasanqua-cleopatra\/","title":{"rendered":"CAMELLIA sasanqua &#8218;Cleopatra&#8216;"},"content":{"rendered":"<p>Immergr\u00fcner Strauch mit aufrechtem bis ausladendem Wuchs. Die Bl\u00e4tter sind oval, bis zu 8 cm lang, dunkelgr\u00fcn auf der Ober- und hellgr\u00fcn auf der Unterseite. Mitte Herbst duftende Bl\u00fcte mit einem Durchmesser von 5-6 cm.<\/p>\n","protected":false},"excerpt":{"rendered":"<p>Immergr\u00fcner Strauch mit aufrechtem bis ausladendem Wuchs. Die Bl\u00e4tter sind oval, bis zu 8 cm lang, dunkelgr\u00fcn auf der Ober- und hellgr\u00fcn auf der Unterseite. Mitte Herbst duftende Bl\u00fcte mit einem Durchmesser von 5-6 cm.<\/p>\n","protected":false},"featured_media":1273,"template":"","meta":{"_acf_changed":false},"product_brand":[],"product_cat":[8816],"product_tag":[10898,8401,8536,8559,8498,8717,8751,8757],"class_list":{"0":"post-14800","1":"product","2":"type-product","3":"status-publish","4":"has-post-thumbnail","6":"product_cat-hartnaeckige-baeume-und-straeucher","7":"product_tag-naturlichen","8":"product_tag-hochstamm","9":"product_tag-kegel","10":"product_tag-macro-bonsai-de","11":"product_tag-mehrstammig-mit-schirmformiger-krone","12":"product_tag-pompons-de","13":"product_tag-spalier","14":"product_tag-spirale-de","15":"pa_altezza-massima-400-de","16":"pa_altezza-massima-600-de","17":"pa_colore-fioritura-rose-de","18":"pa_condizionamento-clt-de","19":"pa_condizionamento-deco-holztopf","20":"pa_condizionamento-jungplanzen","21":"pa_condizionamento-m-de","22":"pa_famiglia-theaceae-de","23":"pa_genere-camellia-de","24":"pa_origine-u-s-a","25":"pa_periodo-fioritura-dezember","26":"pa_periodo-fioritura-november-de","27":"pa_portamento-cespuglioso-de","28":"pa_resistenza-climatica-mittel-hoch","29":"pa_utilizzo-kleine-gaerten","30":"pa_utilizzo-parks-de","32":"first","33":"instock","34":"purchasable","35":"product-type-simple"},"acf":[],"_links":{"self":[{"href":"https:\/\/innocentiemangonipiante.it\/de\/wp-json\/wp\/v2\/product\/14800","targetHints":{"allow":["GET"]}}],"collection":[{"href":"https:\/\/innocentiemangonipiante.it\/de\/wp-json\/wp\/v2\/product"}],"about":[{"href":"https:\/\/innocentiemangonipiante.it\/de\/wp-json\/wp\/v2\/types\/product"}],"wp:featuredmedia":[{"embeddable":true,"href":"https:\/\/innocentiemangonipiante.it\/de\/wp-json\/wp\/v2\/media\/1273"}],"wp:attachment":[{"href":"https:\/\/innocentiemangonipiante.it\/de\/wp-json\/wp\/v2\/media?parent=14800"}],"wp:term":[{"taxonomy":"product_brand","embeddable":true,"href":"https:\/\/innocentiemangonipiante.it\/de\/wp-json\/wp\/v2\/product_brand?post=14800"},{"taxonomy":"product_cat","embeddable":true,"href":"https:\/\/innocentiemangonipiante.it\/de\/wp-json\/wp\/v2\/product_cat?post=14800"},{"taxonomy":"product_tag","embeddable":true,"href":"https:\/\/innocentiemangonipiante.it\/de\/wp-json\/wp\/v2\/product_tag?post=14800"}],"curies":[{"name":"wp","href":"https:\/\/api.w.org\/{rel}","templated":true}]}}