{"id":14801,"date":"2023-11-03T23:51:54","date_gmt":"2023-11-03T22:51:54","guid":{"rendered":"http:\/\/innocentiemangonipiante.it\/camellia-japonica-curly-lady\/"},"modified":"2023-11-06T17:38:18","modified_gmt":"2023-11-06T16:38:18","slug":"camellia-japonica-curly-lady","status":"publish","type":"product","link":"https:\/\/innocentiemangonipiante.it\/de\/camellia-japonica-curly-lady\/","title":{"rendered":"CAMELLIA japonica &#8218;Curly Lady&#8216; \u00ae"},"content":{"rendered":"<p>Sehr eigenartige Cultivar Dank seinen gewundenen seitlichen Zweigen. Produziert grosse halbgef\u00fcllte rotfarbige Bl\u00fcten. G\u00e4nzende dunkelgr\u00fcne Bl\u00e4tter.<\/p>\n","protected":false},"excerpt":{"rendered":"<p>Sehr eigenartige Cultivar Dank seinen gewundenen seitlichen Zweigen. Produziert grosse halbgef\u00fcllte rotfarbige Bl\u00fcten. G\u00e4nzende dunkelgr\u00fcne Bl\u00e4tter.<\/p>\n","protected":false},"featured_media":1255,"template":"","meta":{"_acf_changed":false},"product_brand":[],"product_cat":[8816],"product_tag":[10898],"class_list":{"0":"post-14801","1":"product","2":"type-product","3":"status-publish","4":"has-post-thumbnail","6":"product_cat-hartnaeckige-baeume-und-straeucher","7":"product_tag-naturlichen","8":"pa_altezza-massima-150-de","9":"pa_altezza-massima-200-de","10":"pa_colore-fioritura-rot","11":"pa_famiglia-theaceae-de","12":"pa_genere-camellia-de","13":"pa_origine-holland-de","14":"pa_periodo-fioritura-april-de","15":"pa_periodo-fioritura-februar","16":"pa_periodo-fioritura-maerz","17":"pa_portamento-cespuglioso-de","18":"pa_resistenza-climatica-mittel-hoch","19":"pa_utilizzo-kleine-gaerten","20":"pa_utilizzo-parks-de","22":"first","23":"instock","24":"purchasable","25":"product-type-simple"},"acf":[],"_links":{"self":[{"href":"https:\/\/innocentiemangonipiante.it\/de\/wp-json\/wp\/v2\/product\/14801","targetHints":{"allow":["GET"]}}],"collection":[{"href":"https:\/\/innocentiemangonipiante.it\/de\/wp-json\/wp\/v2\/product"}],"about":[{"href":"https:\/\/innocentiemangonipiante.it\/de\/wp-json\/wp\/v2\/types\/product"}],"wp:featuredmedia":[{"embeddable":true,"href":"https:\/\/innocentiemangonipiante.it\/de\/wp-json\/wp\/v2\/media\/1255"}],"wp:attachment":[{"href":"https:\/\/innocentiemangonipiante.it\/de\/wp-json\/wp\/v2\/media?parent=14801"}],"wp:term":[{"taxonomy":"product_brand","embeddable":true,"href":"https:\/\/innocentiemangonipiante.it\/de\/wp-json\/wp\/v2\/product_brand?post=14801"},{"taxonomy":"product_cat","embeddable":true,"href":"https:\/\/innocentiemangonipiante.it\/de\/wp-json\/wp\/v2\/product_cat?post=14801"},{"taxonomy":"product_tag","embeddable":true,"href":"https:\/\/innocentiemangonipiante.it\/de\/wp-json\/wp\/v2\/product_tag?post=14801"}],"curies":[{"name":"wp","href":"https:\/\/api.w.org\/{rel}","templated":true}]}}