{"id":14803,"date":"2023-11-03T23:58:39","date_gmt":"2023-11-03T22:58:39","guid":{"rendered":"http:\/\/innocentiemangonipiante.it\/campsis-radicans-yellow-trumpet\/"},"modified":"2023-11-06T17:42:37","modified_gmt":"2023-11-06T16:42:37","slug":"campsis-radicans-yellow-trumpet","status":"publish","type":"product","link":"https:\/\/innocentiemangonipiante.it\/de\/campsis-radicans-yellow-trumpet\/","title":{"rendered":"CAMPSIS radicans &#8218;Yellow Trumpet&#8216;"},"content":{"rendered":"<p>Sehr dekorativ. W\u00e4hrend des Sommers reichliche gelb gl\u00e4nzende Bl\u00fcte.<\/p>\n","protected":false},"excerpt":{"rendered":"<p>Sehr dekorativ. W\u00e4hrend des Sommers reichliche gelb gl\u00e4nzende Bl\u00fcte.<\/p>\n","protected":false},"featured_media":1340,"template":"","meta":{"_acf_changed":false},"product_brand":[],"product_cat":[8837,9231],"product_tag":[10898,8565],"class_list":{"0":"post-14803","1":"product","2":"type-product","3":"status-publish","4":"has-post-thumbnail","6":"product_cat-schlingpflanzen","7":"product_cat-baume-und-pflanzen-der-zukunft","8":"product_tag-naturlichen","9":"product_tag-halbstamm","10":"pa_altezza-massima-600-de","11":"pa_altezza-massima-900-de","12":"pa_colore-fioritura-gelbe","13":"pa_condizionamento-clt-de","14":"pa_famiglia-bignoniaceae-de","15":"pa_genere-campsis-de","16":"pa_origine-u-s-a","17":"pa_periodo-fioritura-august-de","18":"pa_periodo-fioritura-juli","19":"pa_periodo-fioritura-juni","20":"pa_portamento-schlingpflanze","21":"pa_resistenza-climatica-mittel-hoch","22":"pa_utilizzo-parks-de","24":"first","25":"instock","26":"purchasable","27":"product-type-simple"},"acf":[],"_links":{"self":[{"href":"https:\/\/innocentiemangonipiante.it\/de\/wp-json\/wp\/v2\/product\/14803","targetHints":{"allow":["GET"]}}],"collection":[{"href":"https:\/\/innocentiemangonipiante.it\/de\/wp-json\/wp\/v2\/product"}],"about":[{"href":"https:\/\/innocentiemangonipiante.it\/de\/wp-json\/wp\/v2\/types\/product"}],"wp:featuredmedia":[{"embeddable":true,"href":"https:\/\/innocentiemangonipiante.it\/de\/wp-json\/wp\/v2\/media\/1340"}],"wp:attachment":[{"href":"https:\/\/innocentiemangonipiante.it\/de\/wp-json\/wp\/v2\/media?parent=14803"}],"wp:term":[{"taxonomy":"product_brand","embeddable":true,"href":"https:\/\/innocentiemangonipiante.it\/de\/wp-json\/wp\/v2\/product_brand?post=14803"},{"taxonomy":"product_cat","embeddable":true,"href":"https:\/\/innocentiemangonipiante.it\/de\/wp-json\/wp\/v2\/product_cat?post=14803"},{"taxonomy":"product_tag","embeddable":true,"href":"https:\/\/innocentiemangonipiante.it\/de\/wp-json\/wp\/v2\/product_tag?post=14803"}],"curies":[{"name":"wp","href":"https:\/\/api.w.org\/{rel}","templated":true}]}}