{"id":14805,"date":"2023-11-03T23:58:52","date_gmt":"2023-11-03T22:58:52","guid":{"rendered":"http:\/\/innocentiemangonipiante.it\/campsis-x-tagliabuana-madame-galen\/"},"modified":"2023-11-06T17:42:42","modified_gmt":"2023-11-06T16:42:42","slug":"campsis-x-tagliabuana-madame-galen","status":"publish","type":"product","link":"https:\/\/innocentiemangonipiante.it\/de\/campsis-x-tagliabuana-madame-galen\/","title":{"rendered":"CAMPSIS x tagliabuana &#8218;Madame Galen&#8216;"},"content":{"rendered":"<p>Von Ende Sommer bis zum Herbst bl\u00fchen apikale nach unten h\u00e4ngende Rispen mit 6-12 trompetenf\u00f6rmigen rot-orangefarbenen Bl\u00fcten.<\/p>\n","protected":false},"excerpt":{"rendered":"<p>Von Ende Sommer bis zum Herbst bl\u00fchen apikale nach unten h\u00e4ngende Rispen mit 6-12 trompetenf\u00f6rmigen rot-orangefarbenen Bl\u00fcten.<\/p>\n","protected":false},"featured_media":1352,"template":"","meta":{"_acf_changed":false},"product_brand":[],"product_cat":[8837,9231],"product_tag":[10898,8565],"class_list":{"0":"post-14805","1":"product","2":"type-product","3":"status-publish","4":"has-post-thumbnail","6":"product_cat-schlingpflanzen","7":"product_cat-baume-und-pflanzen-der-zukunft","8":"product_tag-naturlichen","9":"product_tag-halbstamm","10":"pa_altezza-massima-800-de","11":"pa_altezza-massima-1000-de-2","12":"pa_colore-fioritura-orangefarbenes","13":"pa_condizionamento-clt-de","14":"pa_famiglia-bignoniaceae-de","15":"pa_genere-campsis-de","16":"pa_origine-u-s-a","17":"pa_periodo-fioritura-august-de","18":"pa_periodo-fioritura-juli","19":"pa_periodo-fioritura-september-de","20":"pa_portamento-schlingpflanze","21":"pa_resistenza-climatica-mittel","22":"pa_resistenza-del-suolo-bestandig-gegen-trockene-boden","23":"pa_salinita-bestaendigkeit-in-meeresluft","24":"pa_utilizzo-parks-de","26":"first","27":"instock","28":"purchasable","29":"product-type-simple"},"acf":[],"_links":{"self":[{"href":"https:\/\/innocentiemangonipiante.it\/de\/wp-json\/wp\/v2\/product\/14805","targetHints":{"allow":["GET"]}}],"collection":[{"href":"https:\/\/innocentiemangonipiante.it\/de\/wp-json\/wp\/v2\/product"}],"about":[{"href":"https:\/\/innocentiemangonipiante.it\/de\/wp-json\/wp\/v2\/types\/product"}],"wp:featuredmedia":[{"embeddable":true,"href":"https:\/\/innocentiemangonipiante.it\/de\/wp-json\/wp\/v2\/media\/1352"}],"wp:attachment":[{"href":"https:\/\/innocentiemangonipiante.it\/de\/wp-json\/wp\/v2\/media?parent=14805"}],"wp:term":[{"taxonomy":"product_brand","embeddable":true,"href":"https:\/\/innocentiemangonipiante.it\/de\/wp-json\/wp\/v2\/product_brand?post=14805"},{"taxonomy":"product_cat","embeddable":true,"href":"https:\/\/innocentiemangonipiante.it\/de\/wp-json\/wp\/v2\/product_cat?post=14805"},{"taxonomy":"product_tag","embeddable":true,"href":"https:\/\/innocentiemangonipiante.it\/de\/wp-json\/wp\/v2\/product_tag?post=14805"}],"curies":[{"name":"wp","href":"https:\/\/api.w.org\/{rel}","templated":true}]}}