{"id":14807,"date":"2023-11-03T23:59:46","date_gmt":"2023-11-03T22:59:46","guid":{"rendered":"http:\/\/innocentiemangonipiante.it\/capparis-spinosa-inermis\/"},"modified":"2023-11-06T17:43:05","modified_gmt":"2023-11-06T16:43:05","slug":"capparis-spinosa-inermis","status":"publish","type":"product","link":"https:\/\/innocentiemangonipiante.it\/de\/capparis-spinosa-inermis\/","title":{"rendered":"CAPPARIS spinosa &#8218;Inermis&#8216;"},"content":{"rendered":"<p>Kleiner immergr\u00fcner Strauch mit eirunden dunkelgr\u00fcnen Bl\u00e4ttern. Im Fr\u00fchling tr\u00e4gt er wei\u00dfe Bl\u00fcten mit 4 wei\u00dfen Kronbl\u00e4tter besitzen. Die noch geschlossenen Bl\u00fctenknospen sind essbar.<\/p>\n","protected":false},"excerpt":{"rendered":"<p>Kleiner immergr\u00fcner Strauch mit eirunden dunkelgr\u00fcnen Bl\u00e4ttern. Im Fr\u00fchling tr\u00e4gt er wei\u00dfe Bl\u00fcten mit 4 wei\u00dfen Kronbl\u00e4tter besitzen. Die noch geschlossenen Bl\u00fctenknospen sind essbar.<\/p>\n","protected":false},"featured_media":1364,"template":"","meta":{"_acf_changed":false},"product_brand":[],"product_cat":[8816],"product_tag":[10898],"class_list":{"0":"post-14807","1":"product","2":"type-product","3":"status-publish","4":"has-post-thumbnail","6":"product_cat-hartnaeckige-baeume-und-straeucher","7":"product_tag-naturlichen","8":"pa_altezza-massima-100-de","9":"pa_altezza-massima-150-de","10":"pa_colore-fioritura-weis","11":"pa_condizionamento-clt-de","12":"pa_condizionamento-jungplanzen","13":"pa_famiglia-capparidaceae-de","14":"pa_genere-capparis-de","15":"pa_origine-europaischen-mittelmeeres","16":"pa_periodo-fioritura-august-de","17":"pa_periodo-fioritura-juli","18":"pa_periodo-fioritura-juni","19":"pa_periodo-fioritura-mai-de","20":"pa_periodo-fioritura-september-de","21":"pa_periodo-fruttificazione-august-de","22":"pa_periodo-fruttificazione-juli","23":"pa_periodo-fruttificazione-juni","24":"pa_periodo-fruttificazione-mai-de","25":"pa_periodo-fruttificazione-september-de","26":"pa_portamento-arcuato-de","27":"pa_resistenza-climatica-mittel-hoch","28":"pa_resistenza-del-suolo-bestandig-gegen-kalkhaltige-boden","29":"pa_resistenza-del-suolo-bestandig-gegen-trockene-boden","30":"pa_utilizzo-kleine-gaerten","31":"pa_utilizzo-parks-de","33":"first","34":"instock","35":"purchasable","36":"product-type-simple"},"acf":[],"_links":{"self":[{"href":"https:\/\/innocentiemangonipiante.it\/de\/wp-json\/wp\/v2\/product\/14807","targetHints":{"allow":["GET"]}}],"collection":[{"href":"https:\/\/innocentiemangonipiante.it\/de\/wp-json\/wp\/v2\/product"}],"about":[{"href":"https:\/\/innocentiemangonipiante.it\/de\/wp-json\/wp\/v2\/types\/product"}],"wp:featuredmedia":[{"embeddable":true,"href":"https:\/\/innocentiemangonipiante.it\/de\/wp-json\/wp\/v2\/media\/1364"}],"wp:attachment":[{"href":"https:\/\/innocentiemangonipiante.it\/de\/wp-json\/wp\/v2\/media?parent=14807"}],"wp:term":[{"taxonomy":"product_brand","embeddable":true,"href":"https:\/\/innocentiemangonipiante.it\/de\/wp-json\/wp\/v2\/product_brand?post=14807"},{"taxonomy":"product_cat","embeddable":true,"href":"https:\/\/innocentiemangonipiante.it\/de\/wp-json\/wp\/v2\/product_cat?post=14807"},{"taxonomy":"product_tag","embeddable":true,"href":"https:\/\/innocentiemangonipiante.it\/de\/wp-json\/wp\/v2\/product_tag?post=14807"}],"curies":[{"name":"wp","href":"https:\/\/api.w.org\/{rel}","templated":true}]}}