{"id":14808,"date":"2023-11-04T00:02:05","date_gmt":"2023-11-03T23:02:05","guid":{"rendered":"http:\/\/innocentiemangonipiante.it\/carpinus-betulus-monumentalis\/"},"modified":"2023-11-06T17:44:37","modified_gmt":"2023-11-06T16:44:37","slug":"carpinus-betulus-monumentalis","status":"publish","type":"product","link":"https:\/\/innocentiemangonipiante.it\/de\/carpinus-betulus-monumentalis\/","title":{"rendered":"CARPINUS betulus &#8218;Monumentalis&#8216;"},"content":{"rendered":"<p>Kompakter, s\u00e4ulenf\u00f6rmiger, sommergr\u00fcner Baum sehr langsamen Wachstums (10 bis 15 cm j\u00e4hrlich). Gr\u00fcnes Blattwerk,das im Herbst ins Gelbe \u00fcbergeht.<\/p>\n","protected":false},"excerpt":{"rendered":"<p>Kompakter, s\u00e4ulenf\u00f6rmiger, sommergr\u00fcner Baum sehr langsamen Wachstums (10 bis 15 cm j\u00e4hrlich). Gr\u00fcnes Blattwerk,das im Herbst ins Gelbe \u00fcbergeht.<\/p>\n","protected":false},"featured_media":21159,"template":"","meta":{"_acf_changed":false},"product_brand":[],"product_cat":[8813],"product_tag":[10898],"class_list":{"0":"post-14808","1":"product","2":"type-product","3":"status-publish","4":"has-post-thumbnail","6":"product_cat-laubbaume-und-straucher","7":"product_tag-naturlichen","8":"pa_altezza-massima-300-de","9":"pa_altezza-massima-500-de","10":"pa_famiglia-carpinaceae-de","11":"pa_genere-carpinus-de","12":"pa_inquinamento-bestaendigkeit-gegen-smog","13":"pa_origine-sudeuropa-de","14":"pa_portamento-saulenformig","15":"pa_resistenza-climatica-sehr-hoch","16":"pa_resistenza-del-suolo-bestandig-gegen-kalkhaltige-boden","17":"pa_salinita-bestaendigkeit-in-meeresluft","18":"pa_utilizzo-alleen","20":"first","21":"instock","22":"purchasable","23":"product-type-simple"},"acf":[],"_links":{"self":[{"href":"https:\/\/innocentiemangonipiante.it\/de\/wp-json\/wp\/v2\/product\/14808","targetHints":{"allow":["GET"]}}],"collection":[{"href":"https:\/\/innocentiemangonipiante.it\/de\/wp-json\/wp\/v2\/product"}],"about":[{"href":"https:\/\/innocentiemangonipiante.it\/de\/wp-json\/wp\/v2\/types\/product"}],"wp:featuredmedia":[{"embeddable":true,"href":"https:\/\/innocentiemangonipiante.it\/de\/wp-json\/wp\/v2\/media\/21159"}],"wp:attachment":[{"href":"https:\/\/innocentiemangonipiante.it\/de\/wp-json\/wp\/v2\/media?parent=14808"}],"wp:term":[{"taxonomy":"product_brand","embeddable":true,"href":"https:\/\/innocentiemangonipiante.it\/de\/wp-json\/wp\/v2\/product_brand?post=14808"},{"taxonomy":"product_cat","embeddable":true,"href":"https:\/\/innocentiemangonipiante.it\/de\/wp-json\/wp\/v2\/product_cat?post=14808"},{"taxonomy":"product_tag","embeddable":true,"href":"https:\/\/innocentiemangonipiante.it\/de\/wp-json\/wp\/v2\/product_tag?post=14808"}],"curies":[{"name":"wp","href":"https:\/\/api.w.org\/{rel}","templated":true}]}}