{"id":14809,"date":"2023-11-04T00:01:57","date_gmt":"2023-11-03T23:01:57","guid":{"rendered":"http:\/\/innocentiemangonipiante.it\/carpinus-betulus-lucas\/"},"modified":"2023-11-06T17:44:34","modified_gmt":"2023-11-06T16:44:34","slug":"carpinus-betulus-lucas","status":"publish","type":"product","link":"https:\/\/innocentiemangonipiante.it\/de\/carpinus-betulus-lucas\/","title":{"rendered":"CARPINUS betulus &#8218;Lucas&#8216;"},"content":{"rendered":"<p>W\u00e4chst noch mehr engf\u00f6rmig wie Carpinus bet. \u2018Fastigiata\u2019. Die trockenen Bl\u00e4tter bleiben den ganzen Winter am Zweig. Sehr Winterhart und geeignet f\u00fcr jede Bodenart. Sehr Widerstandsf\u00e4hig gegen Krankheiten. Ertr\u00e4gt seht gut Verpflanzungen und Baumschnitt.<\/p>\n","protected":false},"excerpt":{"rendered":"<p>W\u00e4chst noch mehr engf\u00f6rmig wie Carpinus bet. \u2018Fastigiata\u2019. Die trockenen Bl\u00e4tter bleiben den ganzen Winter am Zweig. Sehr Winterhart und geeignet f\u00fcr jede Bodenart. Sehr Widerstandsf\u00e4hig gegen Krankheiten. Ertr\u00e4gt seht gut Verpflanzungen und Baumschnitt.<\/p>\n","protected":false},"featured_media":1394,"template":"","meta":{"_acf_changed":false},"product_brand":[],"product_cat":[8813,9231],"product_tag":[10898,8401,9194,8715,8757,10902],"class_list":{"0":"post-14809","1":"product","2":"type-product","3":"status-publish","4":"has-post-thumbnail","6":"product_cat-laubbaume-und-straucher","7":"product_cat-baume-und-pflanzen-der-zukunft","8":"product_tag-naturlichen","9":"product_tag-hochstamm","10":"product_tag-parallelepiped-de","11":"product_tag-pyramide-de","12":"product_tag-spirale-de","13":"product_tag-stammbusch","14":"pa_altezza-massima-1000-de-2","15":"pa_altezza-massima-15-meter","16":"pa_condizionamento-clt-de","17":"pa_condizionamento-m-de","18":"pa_famiglia-carpinaceae-de","19":"pa_genere-carpinus-de","20":"pa_inquinamento-bestaendigkeit-gegen-smog","21":"pa_origine-holland-de","22":"pa_portamento-conico-de","23":"pa_resistenza-climatica-sehr-hoch","24":"pa_resistenza-del-suolo-bestandig-gegen-kalkhaltige-boden","25":"pa_salinita-bestaendigkeit-in-meeresluft","26":"pa_utilizzo-alleen","27":"pa_utilizzo-parks-de","29":"first","30":"instock","31":"purchasable","32":"product-type-simple"},"acf":[],"_links":{"self":[{"href":"https:\/\/innocentiemangonipiante.it\/de\/wp-json\/wp\/v2\/product\/14809","targetHints":{"allow":["GET"]}}],"collection":[{"href":"https:\/\/innocentiemangonipiante.it\/de\/wp-json\/wp\/v2\/product"}],"about":[{"href":"https:\/\/innocentiemangonipiante.it\/de\/wp-json\/wp\/v2\/types\/product"}],"wp:featuredmedia":[{"embeddable":true,"href":"https:\/\/innocentiemangonipiante.it\/de\/wp-json\/wp\/v2\/media\/1394"}],"wp:attachment":[{"href":"https:\/\/innocentiemangonipiante.it\/de\/wp-json\/wp\/v2\/media?parent=14809"}],"wp:term":[{"taxonomy":"product_brand","embeddable":true,"href":"https:\/\/innocentiemangonipiante.it\/de\/wp-json\/wp\/v2\/product_brand?post=14809"},{"taxonomy":"product_cat","embeddable":true,"href":"https:\/\/innocentiemangonipiante.it\/de\/wp-json\/wp\/v2\/product_cat?post=14809"},{"taxonomy":"product_tag","embeddable":true,"href":"https:\/\/innocentiemangonipiante.it\/de\/wp-json\/wp\/v2\/product_tag?post=14809"}],"curies":[{"name":"wp","href":"https:\/\/api.w.org\/{rel}","templated":true}]}}