{"id":14811,"date":"2023-11-04T00:01:33","date_gmt":"2023-11-03T23:01:33","guid":{"rendered":"http:\/\/innocentiemangonipiante.it\/carpinus-betulus-fastigiata\/"},"modified":"2023-11-06T17:44:19","modified_gmt":"2023-11-06T16:44:19","slug":"carpinus-betulus-fastigiata","status":"publish","type":"product","link":"https:\/\/innocentiemangonipiante.it\/de\/carpinus-betulus-fastigiata\/","title":{"rendered":"CARPINUS betulus &#8218;Fastigiata&#8216;"},"content":{"rendered":"<p>Kegelf\u00f6rmiger, regelm\u00e4\u00dfiger, laubabwerfender Baum. Die wechselst\u00e4ndigen eif\u00f6rmigen und ovalen 7 bis 10 cm langen Bl\u00e4tter sind im Sommer hellgr\u00fcn und werden im Herbst leuchtend gelb. Eine sehr rustikal Baumsorte, die durch ihre Pyramidenform besonders f\u00fcr Alleen geeignet ist.<\/p>\n","protected":false},"excerpt":{"rendered":"<p>Kegelf\u00f6rmiger, regelm\u00e4\u00dfiger, laubabwerfender Baum. Die wechselst\u00e4ndigen eif\u00f6rmigen und ovalen 7 bis 10 cm langen Bl\u00e4tter sind im Sommer hellgr\u00fcn und werden im Herbst leuchtend gelb. Eine sehr rustikal Baumsorte, die durch ihre Pyramidenform besonders f\u00fcr Alleen geeignet ist.<\/p>\n","protected":false},"featured_media":1382,"template":"","meta":{"_acf_changed":false},"product_brand":[],"product_cat":[8813,9231],"product_tag":[10898,8401,9194,8715,8757,10902],"class_list":{"0":"post-14811","1":"product","2":"type-product","3":"status-publish","4":"has-post-thumbnail","6":"product_cat-laubbaume-und-straucher","7":"product_cat-baume-und-pflanzen-der-zukunft","8":"product_tag-naturlichen","9":"product_tag-hochstamm","10":"product_tag-parallelepiped-de","11":"product_tag-pyramide-de","12":"product_tag-spirale-de","13":"product_tag-stammbusch","14":"pa_altezza-massima-15-meter","15":"pa_altezza-massima-20-meter","16":"pa_condizionamento-clt-de","17":"pa_condizionamento-m-de","18":"pa_famiglia-carpinaceae-de","19":"pa_genere-carpinus-de","20":"pa_inquinamento-bestaendigkeit-gegen-smog","21":"pa_origine-sudeuropa-de","22":"pa_portamento-piramidale-de","23":"pa_resistenza-climatica-sehr-hoch","24":"pa_resistenza-del-suolo-bestandig-gegen-kalkhaltige-boden","25":"pa_salinita-bestaendigkeit-in-meeresluft","26":"pa_utilizzo-alleen","28":"first","29":"instock","30":"purchasable","31":"product-type-simple"},"acf":[],"_links":{"self":[{"href":"https:\/\/innocentiemangonipiante.it\/de\/wp-json\/wp\/v2\/product\/14811","targetHints":{"allow":["GET"]}}],"collection":[{"href":"https:\/\/innocentiemangonipiante.it\/de\/wp-json\/wp\/v2\/product"}],"about":[{"href":"https:\/\/innocentiemangonipiante.it\/de\/wp-json\/wp\/v2\/types\/product"}],"wp:featuredmedia":[{"embeddable":true,"href":"https:\/\/innocentiemangonipiante.it\/de\/wp-json\/wp\/v2\/media\/1382"}],"wp:attachment":[{"href":"https:\/\/innocentiemangonipiante.it\/de\/wp-json\/wp\/v2\/media?parent=14811"}],"wp:term":[{"taxonomy":"product_brand","embeddable":true,"href":"https:\/\/innocentiemangonipiante.it\/de\/wp-json\/wp\/v2\/product_brand?post=14811"},{"taxonomy":"product_cat","embeddable":true,"href":"https:\/\/innocentiemangonipiante.it\/de\/wp-json\/wp\/v2\/product_cat?post=14811"},{"taxonomy":"product_tag","embeddable":true,"href":"https:\/\/innocentiemangonipiante.it\/de\/wp-json\/wp\/v2\/product_tag?post=14811"}],"curies":[{"name":"wp","href":"https:\/\/api.w.org\/{rel}","templated":true}]}}