{"id":14813,"date":"2023-11-04T00:01:13","date_gmt":"2023-11-03T23:01:13","guid":{"rendered":"http:\/\/innocentiemangonipiante.it\/carpinus-betulus\/"},"modified":"2023-11-06T17:44:01","modified_gmt":"2023-11-06T16:44:01","slug":"carpinus-betulus","status":"publish","type":"product","link":"https:\/\/innocentiemangonipiante.it\/de\/carpinus-betulus\/","title":{"rendered":"CARPINUS betulus"},"content":{"rendered":"<p>\u201cHainbuche\u201d. Sommergr\u00fcner, unregelm\u00e4\u00dfiger, rundlicher Baum mit grauer glatter Rinde. Die eif\u00f6rmigen gez\u00e4hnten 7-12 cm langen Bl\u00e4tter sind gr\u00fcn und werden im Herbst gelb-orange.Sehr rustikal. Sehr windfest und feuchtigkeitsbest\u00e4ndig.<\/p>\n","protected":false},"excerpt":{"rendered":"<p>\u201cHainbuche\u201d. Sommergr\u00fcner, unregelm\u00e4\u00dfiger, rundlicher Baum mit grauer glatter Rinde. Die eif\u00f6rmigen gez\u00e4hnten 7-12 cm langen Bl\u00e4tter sind gr\u00fcn und werden im Herbst gelb-orange.Sehr rustikal. Sehr windfest und feuchtigkeitsbest\u00e4ndig.<\/p>\n","protected":false},"featured_media":1370,"template":"","meta":{"_acf_changed":false},"product_brand":[],"product_cat":[8813],"product_tag":[10898,8453,6251,8581,8401,8425,8413,8597,8751,8757,10902],"class_list":{"0":"post-14813","1":"product","2":"type-product","3":"status-publish","4":"has-post-thumbnail","6":"product_cat-laubbaume-und-straucher","7":"product_tag-naturlichen","8":"product_tag-bogen","9":"product_tag-bonsai-de","10":"product_tag-halbstamm-spalier","11":"product_tag-hochstamm","12":"product_tag-hochstamm-spalier","13":"product_tag-hochstamm-wuerfel","14":"product_tag-multistamm","15":"product_tag-spalier","16":"product_tag-spirale-de","17":"product_tag-stammbusch","18":"pa_altezza-massima-15-meter","19":"pa_altezza-massima-25-meter","20":"pa_condizionamento-clt-de","21":"pa_condizionamento-jungplanzen","22":"pa_condizionamento-m-de","23":"pa_famiglia-carpinaceae-de","24":"pa_genere-carpinus-de","25":"pa_inquinamento-bestaendigkeit-gegen-smog","26":"pa_origine-nahen-osten","27":"pa_portamento-arrotondato-de","28":"pa_resistenza-climatica-sehr-hoch","29":"pa_resistenza-del-suolo-bestandig-gegen-kalkhaltige-boden","30":"pa_salinita-bestaendigkeit-in-meeresluft","31":"pa_utilizzo-alleen","32":"pa_utilizzo-parks-de","34":"first","35":"instock","36":"purchasable","37":"product-type-simple"},"acf":[],"_links":{"self":[{"href":"https:\/\/innocentiemangonipiante.it\/de\/wp-json\/wp\/v2\/product\/14813","targetHints":{"allow":["GET"]}}],"collection":[{"href":"https:\/\/innocentiemangonipiante.it\/de\/wp-json\/wp\/v2\/product"}],"about":[{"href":"https:\/\/innocentiemangonipiante.it\/de\/wp-json\/wp\/v2\/types\/product"}],"wp:featuredmedia":[{"embeddable":true,"href":"https:\/\/innocentiemangonipiante.it\/de\/wp-json\/wp\/v2\/media\/1370"}],"wp:attachment":[{"href":"https:\/\/innocentiemangonipiante.it\/de\/wp-json\/wp\/v2\/media?parent=14813"}],"wp:term":[{"taxonomy":"product_brand","embeddable":true,"href":"https:\/\/innocentiemangonipiante.it\/de\/wp-json\/wp\/v2\/product_brand?post=14813"},{"taxonomy":"product_cat","embeddable":true,"href":"https:\/\/innocentiemangonipiante.it\/de\/wp-json\/wp\/v2\/product_cat?post=14813"},{"taxonomy":"product_tag","embeddable":true,"href":"https:\/\/innocentiemangonipiante.it\/de\/wp-json\/wp\/v2\/product_tag?post=14813"}],"curies":[{"name":"wp","href":"https:\/\/api.w.org\/{rel}","templated":true}]}}