{"id":14816,"date":"2023-11-04T00:02:51","date_gmt":"2023-11-03T23:02:51","guid":{"rendered":"http:\/\/innocentiemangonipiante.it\/cassia-floribunda\/"},"modified":"2023-11-06T17:44:57","modified_gmt":"2023-11-06T16:44:57","slug":"cassia-floribunda","status":"publish","type":"product","link":"https:\/\/innocentiemangonipiante.it\/de\/cassia-floribunda\/","title":{"rendered":"CASSIA floribunda"},"content":{"rendered":"<p>Halbimmergr\u00fcner Strauch. Gefiederte mittelgr\u00fcne Bl\u00e4tter. Vom Sommeranfang bis zum Winter tr\u00e4gt grosse Mengen von goldgelben Bl\u00fcten.<\/p>\n","protected":false},"excerpt":{"rendered":"<p>Halbimmergr\u00fcner Strauch. Gefiederte mittelgr\u00fcne Bl\u00e4tter. Vom Sommeranfang bis zum Winter tr\u00e4gt grosse Mengen von goldgelben Bl\u00fcten.<\/p>\n","protected":false},"featured_media":0,"template":"","meta":{"_acf_changed":false},"product_brand":[],"product_cat":[8816],"product_tag":[10898],"class_list":{"0":"post-14816","1":"product","2":"type-product","3":"status-publish","5":"product_cat-hartnaeckige-baeume-und-straeucher","6":"product_tag-naturlichen","7":"pa_altezza-massima-100-de","8":"pa_altezza-massima-150-de","9":"pa_colore-fioritura-gelbe","10":"pa_condizionamento-clt-de","11":"pa_famiglia-leguminosae-de","12":"pa_genere-cassia-de","13":"pa_origine-sudamerika","14":"pa_periodo-fioritura-august-de","15":"pa_periodo-fioritura-dezember","16":"pa_periodo-fioritura-juli","17":"pa_periodo-fioritura-juni","18":"pa_periodo-fioritura-november-de","19":"pa_periodo-fioritura-oktober","20":"pa_periodo-fioritura-september-de","21":"pa_portamento-cespuglioso-de","22":"pa_resistenza-climatica-sehr-niedrig","23":"pa_resistenza-del-suolo-bestandig-gegen-kalkhaltige-boden","24":"pa_utilizzo-balkone","25":"pa_utilizzo-kleine-gaerten","27":"first","28":"instock","29":"purchasable","30":"product-type-simple"},"acf":[],"_links":{"self":[{"href":"https:\/\/innocentiemangonipiante.it\/de\/wp-json\/wp\/v2\/product\/14816","targetHints":{"allow":["GET"]}}],"collection":[{"href":"https:\/\/innocentiemangonipiante.it\/de\/wp-json\/wp\/v2\/product"}],"about":[{"href":"https:\/\/innocentiemangonipiante.it\/de\/wp-json\/wp\/v2\/types\/product"}],"wp:attachment":[{"href":"https:\/\/innocentiemangonipiante.it\/de\/wp-json\/wp\/v2\/media?parent=14816"}],"wp:term":[{"taxonomy":"product_brand","embeddable":true,"href":"https:\/\/innocentiemangonipiante.it\/de\/wp-json\/wp\/v2\/product_brand?post=14816"},{"taxonomy":"product_cat","embeddable":true,"href":"https:\/\/innocentiemangonipiante.it\/de\/wp-json\/wp\/v2\/product_cat?post=14816"},{"taxonomy":"product_tag","embeddable":true,"href":"https:\/\/innocentiemangonipiante.it\/de\/wp-json\/wp\/v2\/product_tag?post=14816"}],"curies":[{"name":"wp","href":"https:\/\/api.w.org\/{rel}","templated":true}]}}