{"id":14818,"date":"2023-11-04T00:03:26","date_gmt":"2023-11-03T23:03:26","guid":{"rendered":"http:\/\/innocentiemangonipiante.it\/catalpa-bungei\/"},"modified":"2023-11-06T17:45:40","modified_gmt":"2023-11-06T16:45:40","slug":"catalpa-bungei","status":"publish","type":"product","link":"https:\/\/innocentiemangonipiante.it\/de\/catalpa-bungei\/","title":{"rendered":"CATALPA bungei"},"content":{"rendered":"<p>Sommergr\u00fcner Baum mittleren Wachstums und kompakter kugelf\u00f6rmiger Erscheinung. Geeignet f\u00fcr enge R\u00e4ume und f\u00fcr die Stadt-Benutzung.<\/p>\n","protected":false},"excerpt":{"rendered":"<p>Sommergr\u00fcner Baum mittleren Wachstums und kompakter kugelf\u00f6rmiger Erscheinung. Geeignet f\u00fcr enge R\u00e4ume und f\u00fcr die Stadt-Benutzung.<\/p>\n","protected":false},"featured_media":1437,"template":"","meta":{"_acf_changed":false},"product_brand":[],"product_cat":[8813],"product_tag":[10898,8565,8401],"class_list":{"0":"post-14818","1":"product","2":"type-product","3":"status-publish","4":"has-post-thumbnail","6":"product_cat-laubbaume-und-straucher","7":"product_tag-naturlichen","8":"product_tag-halbstamm","9":"product_tag-hochstamm","10":"pa_altezza-massima-400-de","11":"pa_altezza-massima-600-de","12":"pa_colore-fioritura-rose-de","13":"pa_condizionamento-clt-de","14":"pa_condizionamento-m-de","15":"pa_famiglia-bignoniaceae-de","16":"pa_genere-catalpa-de","17":"pa_origine-ostasien","18":"pa_periodo-fioritura-juni","19":"pa_portamento-arrotondato-de","20":"pa_resistenza-climatica-sehr-hoch","21":"pa_resistenza-del-suolo-bestandig-gegen-kalkhaltige-boden","22":"pa_resistenza-del-suolo-bestandig-gegen-trockene-boden","23":"pa_utilizzo-alleen","24":"pa_utilizzo-kleine-gaerten","26":"first","27":"instock","28":"purchasable","29":"product-type-simple"},"acf":[],"_links":{"self":[{"href":"https:\/\/innocentiemangonipiante.it\/de\/wp-json\/wp\/v2\/product\/14818","targetHints":{"allow":["GET"]}}],"collection":[{"href":"https:\/\/innocentiemangonipiante.it\/de\/wp-json\/wp\/v2\/product"}],"about":[{"href":"https:\/\/innocentiemangonipiante.it\/de\/wp-json\/wp\/v2\/types\/product"}],"wp:featuredmedia":[{"embeddable":true,"href":"https:\/\/innocentiemangonipiante.it\/de\/wp-json\/wp\/v2\/media\/1437"}],"wp:attachment":[{"href":"https:\/\/innocentiemangonipiante.it\/de\/wp-json\/wp\/v2\/media?parent=14818"}],"wp:term":[{"taxonomy":"product_brand","embeddable":true,"href":"https:\/\/innocentiemangonipiante.it\/de\/wp-json\/wp\/v2\/product_brand?post=14818"},{"taxonomy":"product_cat","embeddable":true,"href":"https:\/\/innocentiemangonipiante.it\/de\/wp-json\/wp\/v2\/product_cat?post=14818"},{"taxonomy":"product_tag","embeddable":true,"href":"https:\/\/innocentiemangonipiante.it\/de\/wp-json\/wp\/v2\/product_tag?post=14818"}],"curies":[{"name":"wp","href":"https:\/\/api.w.org\/{rel}","templated":true}]}}