{"id":14820,"date":"2023-11-04T00:03:12","date_gmt":"2023-11-03T23:03:12","guid":{"rendered":"http:\/\/innocentiemangonipiante.it\/catalpa-bignonioides\/"},"modified":"2023-11-06T17:45:07","modified_gmt":"2023-11-06T16:45:07","slug":"catalpa-bignonioides","status":"publish","type":"product","link":"https:\/\/innocentiemangonipiante.it\/de\/catalpa-bignonioides\/","title":{"rendered":"CATALPA bignonioides"},"content":{"rendered":"<p>\u201cTrompetenbaum\u201d. Ausladender sommergr\u00fcner Baum mit breiten eif\u00f6rmigen Bl\u00e4ttern, die bis zu 25 cm lang werden und purpurfarbig bis hellgr\u00fcn sind. Die Bl\u00fcten, die auf bis zu 30 cm langen geraden Rispen gruppiert sind, sind au\u00dfen wei\u00df und gelblich innen und bringen im Herbst herabh\u00e4ngende h\u00fclsenf\u00f6rmige Fr\u00fcchte hervor.<\/p>\n","protected":false},"excerpt":{"rendered":"<p>\u201cTrompetenbaum\u201d. Ausladender sommergr\u00fcner Baum mit breiten eif\u00f6rmigen Bl\u00e4ttern, die bis zu 25 cm lang werden und purpurfarbig bis hellgr\u00fcn sind. Die Bl\u00fcten, die auf bis zu 30 cm langen geraden Rispen gruppiert sind, sind au\u00dfen wei\u00df und gelblich innen und bringen im Herbst herabh\u00e4ngende h\u00fclsenf\u00f6rmige Fr\u00fcchte hervor.<\/p>\n","protected":false},"featured_media":1425,"template":"","meta":{"_acf_changed":false},"product_brand":[],"product_cat":[8813,9231],"product_tag":[10898,8401,8597],"class_list":{"0":"post-14820","1":"product","2":"type-product","3":"status-publish","4":"has-post-thumbnail","6":"product_cat-laubbaume-und-straucher","7":"product_cat-baume-und-pflanzen-der-zukunft","8":"product_tag-naturlichen","9":"product_tag-hochstamm","10":"product_tag-multistamm","11":"pa_altezza-massima-1000-de-2","12":"pa_altezza-massima-15-meter","13":"pa_colore-fioritura-weis","14":"pa_condizionamento-clt-de","15":"pa_condizionamento-m-de","16":"pa_famiglia-bignoniaceae-de","17":"pa_genere-catalpa-de","18":"pa_inquinamento-bestaendigkeit-gegen-smog","19":"pa_origine-u-s-a","20":"pa_periodo-fioritura-august-de","21":"pa_periodo-fioritura-juli","22":"pa_periodo-fioritura-juni","23":"pa_periodo-fioritura-mai-de","24":"pa_periodo-fruttificazione-oktober","25":"pa_portamento-arrotondato-de","26":"pa_resistenza-climatica-mittel-hoch","27":"pa_resistenza-del-suolo-bestandig-gegen-kalkhaltige-boden","28":"pa_resistenza-del-suolo-bestandig-gegen-trockene-boden","29":"pa_utilizzo-parks-de","31":"first","32":"instock","33":"purchasable","34":"product-type-simple"},"acf":[],"_links":{"self":[{"href":"https:\/\/innocentiemangonipiante.it\/de\/wp-json\/wp\/v2\/product\/14820","targetHints":{"allow":["GET"]}}],"collection":[{"href":"https:\/\/innocentiemangonipiante.it\/de\/wp-json\/wp\/v2\/product"}],"about":[{"href":"https:\/\/innocentiemangonipiante.it\/de\/wp-json\/wp\/v2\/types\/product"}],"wp:featuredmedia":[{"embeddable":true,"href":"https:\/\/innocentiemangonipiante.it\/de\/wp-json\/wp\/v2\/media\/1425"}],"wp:attachment":[{"href":"https:\/\/innocentiemangonipiante.it\/de\/wp-json\/wp\/v2\/media?parent=14820"}],"wp:term":[{"taxonomy":"product_brand","embeddable":true,"href":"https:\/\/innocentiemangonipiante.it\/de\/wp-json\/wp\/v2\/product_brand?post=14820"},{"taxonomy":"product_cat","embeddable":true,"href":"https:\/\/innocentiemangonipiante.it\/de\/wp-json\/wp\/v2\/product_cat?post=14820"},{"taxonomy":"product_tag","embeddable":true,"href":"https:\/\/innocentiemangonipiante.it\/de\/wp-json\/wp\/v2\/product_tag?post=14820"}],"curies":[{"name":"wp","href":"https:\/\/api.w.org\/{rel}","templated":true}]}}