{"id":14821,"date":"2023-11-04T00:03:48","date_gmt":"2023-11-03T23:03:48","guid":{"rendered":"http:\/\/innocentiemangonipiante.it\/ceanothus-thyrsiflorus-repens\/"},"modified":"2023-11-06T17:46:00","modified_gmt":"2023-11-06T16:46:00","slug":"ceanothus-thyrsiflorus-repens","status":"publish","type":"product","link":"https:\/\/innocentiemangonipiante.it\/de\/ceanothus-thyrsiflorus-repens\/","title":{"rendered":"CEANOTHUS thyrsiflorus &#8218;Repens&#8216;"},"content":{"rendered":"<p>Immergr\u00fcner Strauch mit langsamen Wachstum und ausladendem Habitus. Abwechselnde, eif\u00f6rmige, gez\u00e4hnte, gl\u00e4nzende bis 3,8 cm lange gr\u00fcne Bl\u00e4tter. Blassblaue Bl\u00fcten.<\/p>\n","protected":false},"excerpt":{"rendered":"<p>Immergr\u00fcner Strauch mit langsamen Wachstum und ausladendem Habitus. Abwechselnde, eif\u00f6rmige, gez\u00e4hnte, gl\u00e4nzende bis 3,8 cm lange gr\u00fcne Bl\u00e4tter. Blassblaue Bl\u00fcten.<\/p>\n","protected":false},"featured_media":1449,"template":"","meta":{"_acf_changed":false},"product_brand":[],"product_cat":[8816],"product_tag":[10898],"class_list":{"0":"post-14821","1":"product","2":"type-product","3":"status-publish","4":"has-post-thumbnail","6":"product_cat-hartnaeckige-baeume-und-straeucher","7":"product_tag-naturlichen","8":"pa_altezza-massima-0_50-meter","9":"pa_altezza-massima-100-de","10":"pa_colore-fioritura-hellblau","11":"pa_condizionamento-clt-de","12":"pa_famiglia-rhamnaceae-de","13":"pa_genere-ceanothus-de","14":"pa_origine-u-s-a","15":"pa_periodo-fioritura-august-de","16":"pa_periodo-fioritura-juli","17":"pa_periodo-fioritura-juni","18":"pa_periodo-fioritura-mai-de","19":"pa_portamento-cespuglioso-de","20":"pa_resistenza-climatica-sehr-hoch","21":"pa_resistenza-del-suolo-bestandig-gegen-kalkhaltige-boden","22":"pa_resistenza-del-suolo-bestandig-gegen-trockene-boden","23":"pa_salinita-bestaendigkeit-in-meeresluft","24":"pa_utilizzo-kleine-gaerten","26":"first","27":"instock","28":"purchasable","29":"product-type-simple"},"acf":[],"_links":{"self":[{"href":"https:\/\/innocentiemangonipiante.it\/de\/wp-json\/wp\/v2\/product\/14821","targetHints":{"allow":["GET"]}}],"collection":[{"href":"https:\/\/innocentiemangonipiante.it\/de\/wp-json\/wp\/v2\/product"}],"about":[{"href":"https:\/\/innocentiemangonipiante.it\/de\/wp-json\/wp\/v2\/types\/product"}],"wp:featuredmedia":[{"embeddable":true,"href":"https:\/\/innocentiemangonipiante.it\/de\/wp-json\/wp\/v2\/media\/1449"}],"wp:attachment":[{"href":"https:\/\/innocentiemangonipiante.it\/de\/wp-json\/wp\/v2\/media?parent=14821"}],"wp:term":[{"taxonomy":"product_brand","embeddable":true,"href":"https:\/\/innocentiemangonipiante.it\/de\/wp-json\/wp\/v2\/product_brand?post=14821"},{"taxonomy":"product_cat","embeddable":true,"href":"https:\/\/innocentiemangonipiante.it\/de\/wp-json\/wp\/v2\/product_cat?post=14821"},{"taxonomy":"product_tag","embeddable":true,"href":"https:\/\/innocentiemangonipiante.it\/de\/wp-json\/wp\/v2\/product_tag?post=14821"}],"curies":[{"name":"wp","href":"https:\/\/api.w.org\/{rel}","templated":true}]}}