{"id":14822,"date":"2023-11-04T00:04:00","date_gmt":"2023-11-03T23:04:00","guid":{"rendered":"http:\/\/innocentiemangonipiante.it\/ceanothus-x-pallidus-marie-simon\/"},"modified":"2023-11-06T17:46:06","modified_gmt":"2023-11-06T16:46:06","slug":"ceanothus-x-pallidus-marie-simon","status":"publish","type":"product","link":"https:\/\/innocentiemangonipiante.it\/de\/ceanothus-x-pallidus-marie-simon\/","title":{"rendered":"CEANOTHUS x pallidus &#8218;Marie Simon&#8216;"},"content":{"rendered":"<p>Sommergr\u00fcner Strauch mit aufrechtem Wuchs. Die wechselst\u00e4ndig ovalen und gez\u00e4hnten Bl\u00e4tter sind bis zu 5 cm lang. Vom Sommer bis zum Herbst bringt er hellrosa bis zu 10 cm lange Rispen hervor.<\/p>\n","protected":false},"excerpt":{"rendered":"<p>Sommergr\u00fcner Strauch mit aufrechtem Wuchs. Die wechselst\u00e4ndig ovalen und gez\u00e4hnten Bl\u00e4tter sind bis zu 5 cm lang. Vom Sommer bis zum Herbst bringt er hellrosa bis zu 10 cm lange Rispen hervor.<\/p>\n","protected":false},"featured_media":1461,"template":"","meta":{"_acf_changed":false},"product_brand":[],"product_cat":[8816],"product_tag":[10898],"class_list":{"0":"post-14822","1":"product","2":"type-product","3":"status-publish","4":"has-post-thumbnail","6":"product_cat-hartnaeckige-baeume-und-straeucher","7":"product_tag-naturlichen","8":"pa_altezza-massima-100-de","9":"pa_altezza-massima-150-de","10":"pa_colore-fioritura-rose-de","11":"pa_condizionamento-clt-de","12":"pa_famiglia-rhamnaceae-de","13":"pa_genere-ceanothus-de","14":"pa_origine-u-s-a","15":"pa_periodo-fioritura-august-de","16":"pa_periodo-fioritura-juli","17":"pa_periodo-fioritura-juni","18":"pa_periodo-fioritura-oktober","19":"pa_periodo-fioritura-september-de","20":"pa_portamento-cespuglioso-de","21":"pa_resistenza-climatica-sehr-hoch","22":"pa_resistenza-del-suolo-bestandig-gegen-kalkhaltige-boden","23":"pa_resistenza-del-suolo-bestandig-gegen-trockene-boden","24":"pa_salinita-bestaendigkeit-in-meeresluft","25":"pa_utilizzo-kleine-gaerten","27":"first","28":"instock","29":"purchasable","30":"product-type-simple"},"acf":[],"_links":{"self":[{"href":"https:\/\/innocentiemangonipiante.it\/de\/wp-json\/wp\/v2\/product\/14822","targetHints":{"allow":["GET"]}}],"collection":[{"href":"https:\/\/innocentiemangonipiante.it\/de\/wp-json\/wp\/v2\/product"}],"about":[{"href":"https:\/\/innocentiemangonipiante.it\/de\/wp-json\/wp\/v2\/types\/product"}],"wp:featuredmedia":[{"embeddable":true,"href":"https:\/\/innocentiemangonipiante.it\/de\/wp-json\/wp\/v2\/media\/1461"}],"wp:attachment":[{"href":"https:\/\/innocentiemangonipiante.it\/de\/wp-json\/wp\/v2\/media?parent=14822"}],"wp:term":[{"taxonomy":"product_brand","embeddable":true,"href":"https:\/\/innocentiemangonipiante.it\/de\/wp-json\/wp\/v2\/product_brand?post=14822"},{"taxonomy":"product_cat","embeddable":true,"href":"https:\/\/innocentiemangonipiante.it\/de\/wp-json\/wp\/v2\/product_cat?post=14822"},{"taxonomy":"product_tag","embeddable":true,"href":"https:\/\/innocentiemangonipiante.it\/de\/wp-json\/wp\/v2\/product_tag?post=14822"}],"curies":[{"name":"wp","href":"https:\/\/api.w.org\/{rel}","templated":true}]}}