{"id":14823,"date":"2023-11-04T00:03:54","date_gmt":"2023-11-03T23:03:54","guid":{"rendered":"http:\/\/innocentiemangonipiante.it\/ceanothus-x-dedileanus-gloire-de-versailles\/"},"modified":"2023-11-06T17:46:03","modified_gmt":"2023-11-06T16:46:03","slug":"ceanothus-x-dedileanus-gloire-de-versailles","status":"publish","type":"product","link":"https:\/\/innocentiemangonipiante.it\/de\/ceanothus-x-dedileanus-gloire-de-versailles\/","title":{"rendered":"CEANOTHUS x dedileanus &#8218;Gloire de Versailles&#8216;"},"content":{"rendered":"<p>Buschiger, sommergr\u00fcner Strauch mit wechselst\u00e4ndigen dunkelgr\u00fcnen, ovale und bis 7 cm langen Bl\u00e4ttern. Bl\u00fcte von Mitte Sommer bis zum Herbst mit gro\u00dfen hellblauen 10-15 cm langen Rispen.<\/p>\n","protected":false},"excerpt":{"rendered":"<p>Buschiger, sommergr\u00fcner Strauch mit wechselst\u00e4ndigen dunkelgr\u00fcnen, ovale und bis 7 cm langen Bl\u00e4ttern. Bl\u00fcte von Mitte Sommer bis zum Herbst mit gro\u00dfen hellblauen 10-15 cm langen Rispen.<\/p>\n","protected":false},"featured_media":1455,"template":"","meta":{"_acf_changed":false},"product_brand":[],"product_cat":[8816],"product_tag":[10898],"class_list":{"0":"post-14823","1":"product","2":"type-product","3":"status-publish","4":"has-post-thumbnail","6":"product_cat-hartnaeckige-baeume-und-straeucher","7":"product_tag-naturlichen","8":"pa_altezza-massima-100-de","9":"pa_altezza-massima-150-de","10":"pa_colore-fioritura-hellblau","11":"pa_condizionamento-clt-de","12":"pa_famiglia-rhamnaceae-de","13":"pa_genere-ceanothus-de","14":"pa_origine-u-s-a","15":"pa_periodo-fioritura-august-de","16":"pa_periodo-fioritura-juli","17":"pa_periodo-fioritura-oktober","18":"pa_periodo-fioritura-september-de","19":"pa_portamento-cespuglioso-de","20":"pa_resistenza-climatica-mittel-hoch","21":"pa_resistenza-del-suolo-bestandig-gegen-kalkhaltige-boden","22":"pa_resistenza-del-suolo-bestandig-gegen-trockene-boden","23":"pa_salinita-bestaendigkeit-in-meeresluft","24":"pa_utilizzo-kleine-gaerten","26":"first","27":"instock","28":"purchasable","29":"product-type-simple"},"acf":[],"_links":{"self":[{"href":"https:\/\/innocentiemangonipiante.it\/de\/wp-json\/wp\/v2\/product\/14823","targetHints":{"allow":["GET"]}}],"collection":[{"href":"https:\/\/innocentiemangonipiante.it\/de\/wp-json\/wp\/v2\/product"}],"about":[{"href":"https:\/\/innocentiemangonipiante.it\/de\/wp-json\/wp\/v2\/types\/product"}],"wp:featuredmedia":[{"embeddable":true,"href":"https:\/\/innocentiemangonipiante.it\/de\/wp-json\/wp\/v2\/media\/1455"}],"wp:attachment":[{"href":"https:\/\/innocentiemangonipiante.it\/de\/wp-json\/wp\/v2\/media?parent=14823"}],"wp:term":[{"taxonomy":"product_brand","embeddable":true,"href":"https:\/\/innocentiemangonipiante.it\/de\/wp-json\/wp\/v2\/product_brand?post=14823"},{"taxonomy":"product_cat","embeddable":true,"href":"https:\/\/innocentiemangonipiante.it\/de\/wp-json\/wp\/v2\/product_cat?post=14823"},{"taxonomy":"product_tag","embeddable":true,"href":"https:\/\/innocentiemangonipiante.it\/de\/wp-json\/wp\/v2\/product_tag?post=14823"}],"curies":[{"name":"wp","href":"https:\/\/api.w.org\/{rel}","templated":true}]}}