{"id":14824,"date":"2023-11-04T00:03:32","date_gmt":"2023-11-03T23:03:32","guid":{"rendered":"http:\/\/innocentiemangonipiante.it\/ceanothus-burkwoodii\/"},"modified":"2023-11-06T17:45:46","modified_gmt":"2023-11-06T16:45:46","slug":"ceanothus-burkwoodii","status":"publish","type":"product","link":"https:\/\/innocentiemangonipiante.it\/de\/ceanothus-burkwoodii\/","title":{"rendered":"CEANOTHUS burkwoodii"},"content":{"rendered":"<p>Immergr\u00fcner Strauch, kompakt, mit leuchtenden, eif\u00f6rmigen, gez\u00e4hnten bis 3 cm langen Bl\u00e4tter oben dunkelgr\u00fcn, unten grau. Am Ende Sommer bl\u00fchen blaue Bl\u00fctenkolben bis 6 cm lang.<\/p>\n","protected":false},"excerpt":{"rendered":"<p>Immergr\u00fcner Strauch, kompakt, mit leuchtenden, eif\u00f6rmigen, gez\u00e4hnten bis 3 cm langen Bl\u00e4tter oben dunkelgr\u00fcn, unten grau. Am Ende Sommer bl\u00fchen blaue Bl\u00fctenkolben bis 6 cm lang.<\/p>\n","protected":false},"featured_media":1443,"template":"","meta":{"_acf_changed":false},"product_brand":[],"product_cat":[8816],"product_tag":[10898],"class_list":{"0":"post-14824","1":"product","2":"type-product","3":"status-publish","4":"has-post-thumbnail","6":"product_cat-hartnaeckige-baeume-und-straeucher","7":"product_tag-naturlichen","8":"pa_altezza-massima-100-de","9":"pa_altezza-massima-150-de","10":"pa_colore-fioritura-hellblau","11":"pa_condizionamento-clt-de","12":"pa_famiglia-rhamnaceae-de","13":"pa_genere-ceanothus-de","14":"pa_origine-japan-de","15":"pa_periodo-fioritura-august-de","16":"pa_periodo-fioritura-september-de","17":"pa_portamento-cespuglioso-de","18":"pa_resistenza-climatica-mittel-hoch","19":"pa_resistenza-del-suolo-bestandig-gegen-kalkhaltige-boden","20":"pa_resistenza-del-suolo-bestandig-gegen-trockene-boden","21":"pa_salinita-bestaendigkeit-in-meeresluft","22":"pa_utilizzo-kleine-gaerten","24":"first","25":"instock","26":"purchasable","27":"product-type-simple"},"acf":[],"_links":{"self":[{"href":"https:\/\/innocentiemangonipiante.it\/de\/wp-json\/wp\/v2\/product\/14824","targetHints":{"allow":["GET"]}}],"collection":[{"href":"https:\/\/innocentiemangonipiante.it\/de\/wp-json\/wp\/v2\/product"}],"about":[{"href":"https:\/\/innocentiemangonipiante.it\/de\/wp-json\/wp\/v2\/types\/product"}],"wp:featuredmedia":[{"embeddable":true,"href":"https:\/\/innocentiemangonipiante.it\/de\/wp-json\/wp\/v2\/media\/1443"}],"wp:attachment":[{"href":"https:\/\/innocentiemangonipiante.it\/de\/wp-json\/wp\/v2\/media?parent=14824"}],"wp:term":[{"taxonomy":"product_brand","embeddable":true,"href":"https:\/\/innocentiemangonipiante.it\/de\/wp-json\/wp\/v2\/product_brand?post=14824"},{"taxonomy":"product_cat","embeddable":true,"href":"https:\/\/innocentiemangonipiante.it\/de\/wp-json\/wp\/v2\/product_cat?post=14824"},{"taxonomy":"product_tag","embeddable":true,"href":"https:\/\/innocentiemangonipiante.it\/de\/wp-json\/wp\/v2\/product_tag?post=14824"}],"curies":[{"name":"wp","href":"https:\/\/api.w.org\/{rel}","templated":true}]}}