{"id":14825,"date":"2023-11-04T00:04:13","date_gmt":"2023-11-03T23:04:13","guid":{"rendered":"http:\/\/innocentiemangonipiante.it\/cedrela-sinensis-flamingo\/"},"modified":"2023-11-06T17:46:12","modified_gmt":"2023-11-06T16:46:12","slug":"cedrela-sinensis-flamingo","status":"publish","type":"product","link":"https:\/\/innocentiemangonipiante.it\/de\/cedrela-sinensis-flamingo\/","title":{"rendered":"CEDRELA sinensis &#8218;Flamingo&#8216;"},"content":{"rendered":"<p>Sommergr\u00fcner Baum mit breitem Aufrechtem Wachstum. Wenn Erwachsen wird die Rinde rissig. Grosse gefiederte Bl\u00e4tter bis 60cm lang. Beim Austrieb sind die Bl\u00e4tter rosa- dann gelb- bis hellgr\u00fcnfarbig.<\/p>\n","protected":false},"excerpt":{"rendered":"<p>Sommergr\u00fcner Baum mit breitem Aufrechtem Wachstum. Wenn Erwachsen wird die Rinde rissig. Grosse gefiederte Bl\u00e4tter bis 60cm lang. Beim Austrieb sind die Bl\u00e4tter rosa- dann gelb- bis hellgr\u00fcnfarbig.<\/p>\n","protected":false},"featured_media":1473,"template":"","meta":{"_acf_changed":false},"product_brand":[],"product_cat":[8813,9231],"product_tag":[10898,8401],"class_list":{"0":"post-14825","1":"product","2":"type-product","3":"status-publish","4":"has-post-thumbnail","6":"product_cat-laubbaume-und-straucher","7":"product_cat-baume-und-pflanzen-der-zukunft","8":"product_tag-naturlichen","9":"product_tag-hochstamm","10":"pa_altezza-massima-1000-de-2","11":"pa_altezza-massima-15-meter","12":"pa_colore-fioritura-weis","13":"pa_condizionamento-clt-de","14":"pa_condizionamento-m-de","15":"pa_famiglia-meliaceae-de","16":"pa_genere-cedrela-de","17":"pa_origine-china-de","18":"pa_periodo-fioritura-juni","19":"pa_portamento-saulenformig","20":"pa_resistenza-climatica-sehr-hoch","21":"pa_utilizzo-parks-de","23":"first","24":"instock","25":"purchasable","26":"product-type-simple"},"acf":[],"_links":{"self":[{"href":"https:\/\/innocentiemangonipiante.it\/de\/wp-json\/wp\/v2\/product\/14825","targetHints":{"allow":["GET"]}}],"collection":[{"href":"https:\/\/innocentiemangonipiante.it\/de\/wp-json\/wp\/v2\/product"}],"about":[{"href":"https:\/\/innocentiemangonipiante.it\/de\/wp-json\/wp\/v2\/types\/product"}],"wp:featuredmedia":[{"embeddable":true,"href":"https:\/\/innocentiemangonipiante.it\/de\/wp-json\/wp\/v2\/media\/1473"}],"wp:attachment":[{"href":"https:\/\/innocentiemangonipiante.it\/de\/wp-json\/wp\/v2\/media?parent=14825"}],"wp:term":[{"taxonomy":"product_brand","embeddable":true,"href":"https:\/\/innocentiemangonipiante.it\/de\/wp-json\/wp\/v2\/product_brand?post=14825"},{"taxonomy":"product_cat","embeddable":true,"href":"https:\/\/innocentiemangonipiante.it\/de\/wp-json\/wp\/v2\/product_cat?post=14825"},{"taxonomy":"product_tag","embeddable":true,"href":"https:\/\/innocentiemangonipiante.it\/de\/wp-json\/wp\/v2\/product_tag?post=14825"}],"curies":[{"name":"wp","href":"https:\/\/api.w.org\/{rel}","templated":true}]}}