{"id":14826,"date":"2023-11-04T00:04:07","date_gmt":"2023-11-03T23:04:07","guid":{"rendered":"http:\/\/innocentiemangonipiante.it\/cedrela-sinensis\/"},"modified":"2023-11-06T17:46:09","modified_gmt":"2023-11-06T16:46:09","slug":"cedrela-sinensis","status":"publish","type":"product","link":"https:\/\/innocentiemangonipiante.it\/de\/cedrela-sinensis\/","title":{"rendered":"CEDRELA sinensis"},"content":{"rendered":"<p>Laubwerfender Baum, der im Juni wei\u00dfe Bl\u00fcten in 30 cm langen Bl\u00fctenst\u00e4nden hervorbringt. Die Bl\u00e4tter bestehen aus 5-12 Paaren dunkelgr\u00fcner Bl\u00e4ttchen, die im Herbst gelblich werden.<\/p>\n","protected":false},"excerpt":{"rendered":"<p>Laubwerfender Baum, der im Juni wei\u00dfe Bl\u00fcten in 30 cm langen Bl\u00fctenst\u00e4nden hervorbringt. Die Bl\u00e4tter bestehen aus 5-12 Paaren dunkelgr\u00fcner Bl\u00e4ttchen, die im Herbst gelblich werden.<\/p>\n","protected":false},"featured_media":1467,"template":"","meta":{"_acf_changed":false},"product_brand":[],"product_cat":[8813],"product_tag":[10898,8401],"class_list":{"0":"post-14826","1":"product","2":"type-product","3":"status-publish","4":"has-post-thumbnail","6":"product_cat-laubbaume-und-straucher","7":"product_tag-naturlichen","8":"product_tag-hochstamm","9":"pa_altezza-massima-15-meter","10":"pa_altezza-massima-20-meter","11":"pa_colore-fioritura-weis","12":"pa_condizionamento-clt-de","13":"pa_condizionamento-m-de","14":"pa_famiglia-meliaceae-de","15":"pa_genere-cedrela-de","16":"pa_origine-china-de","17":"pa_periodo-fioritura-juni","18":"pa_portamento-saulenformig","19":"pa_resistenza-climatica-sehr-hoch","20":"pa_utilizzo-parks-de","22":"first","23":"instock","24":"purchasable","25":"product-type-simple"},"acf":[],"_links":{"self":[{"href":"https:\/\/innocentiemangonipiante.it\/de\/wp-json\/wp\/v2\/product\/14826","targetHints":{"allow":["GET"]}}],"collection":[{"href":"https:\/\/innocentiemangonipiante.it\/de\/wp-json\/wp\/v2\/product"}],"about":[{"href":"https:\/\/innocentiemangonipiante.it\/de\/wp-json\/wp\/v2\/types\/product"}],"wp:featuredmedia":[{"embeddable":true,"href":"https:\/\/innocentiemangonipiante.it\/de\/wp-json\/wp\/v2\/media\/1467"}],"wp:attachment":[{"href":"https:\/\/innocentiemangonipiante.it\/de\/wp-json\/wp\/v2\/media?parent=14826"}],"wp:term":[{"taxonomy":"product_brand","embeddable":true,"href":"https:\/\/innocentiemangonipiante.it\/de\/wp-json\/wp\/v2\/product_brand?post=14826"},{"taxonomy":"product_cat","embeddable":true,"href":"https:\/\/innocentiemangonipiante.it\/de\/wp-json\/wp\/v2\/product_cat?post=14826"},{"taxonomy":"product_tag","embeddable":true,"href":"https:\/\/innocentiemangonipiante.it\/de\/wp-json\/wp\/v2\/product_tag?post=14826"}],"curies":[{"name":"wp","href":"https:\/\/api.w.org\/{rel}","templated":true}]}}