{"id":14827,"date":"2023-11-04T00:06:18","date_gmt":"2023-11-03T23:06:18","guid":{"rendered":"http:\/\/innocentiemangonipiante.it\/cedrus-libani\/"},"modified":"2023-11-06T17:47:58","modified_gmt":"2023-11-06T16:47:58","slug":"cedrus-libani","status":"publish","type":"product","link":"https:\/\/innocentiemangonipiante.it\/de\/cedrus-libani\/","title":{"rendered":"CEDRUS libani"},"content":{"rendered":"<p>Nadelbaum mit sehr weit ausladenden Zweigen, allgemein horizontal, tafelf\u00f6rmig geschlossene Krone bei jungen B\u00e4umen, kurze gr\u00fcnlich-graublaue Nadelbl\u00e4tter.<\/p>\n","protected":false},"excerpt":{"rendered":"<p>Nadelbaum mit sehr weit ausladenden Zweigen, allgemein horizontal, tafelf\u00f6rmig geschlossene Krone bei jungen B\u00e4umen, kurze gr\u00fcnlich-graublaue Nadelbl\u00e4tter.<\/p>\n","protected":false},"featured_media":1543,"template":"","meta":{"_acf_changed":false},"product_brand":[],"product_cat":[8825],"product_tag":[10898],"class_list":{"0":"post-14827","1":"product","2":"type-product","3":"status-publish","4":"has-post-thumbnail","6":"product_cat-koniferen","7":"product_tag-naturlichen","8":"pa_altezza-massima-25-meter","9":"pa_altezza-massima-35-meter","10":"pa_colore-delle-foglie-grauen","11":"pa_condizionamento-clt-de","12":"pa_condizionamento-jungplanzen","13":"pa_condizionamento-m-de","14":"pa_famiglia-pinaceae-de","15":"pa_genere-cedrus-de","16":"pa_origine-liban-de","17":"pa_portamento-piramidale-de","18":"pa_resistenza-climatica-sehr-hoch","19":"pa_resistenza-del-suolo-bestandig-gegen-kalkhaltige-boden","20":"pa_resistenza-del-suolo-bestandig-gegen-trockene-boden","21":"pa_utilizzo-parks-de","23":"first","24":"instock","25":"purchasable","26":"product-type-simple"},"acf":[],"_links":{"self":[{"href":"https:\/\/innocentiemangonipiante.it\/de\/wp-json\/wp\/v2\/product\/14827","targetHints":{"allow":["GET"]}}],"collection":[{"href":"https:\/\/innocentiemangonipiante.it\/de\/wp-json\/wp\/v2\/product"}],"about":[{"href":"https:\/\/innocentiemangonipiante.it\/de\/wp-json\/wp\/v2\/types\/product"}],"wp:featuredmedia":[{"embeddable":true,"href":"https:\/\/innocentiemangonipiante.it\/de\/wp-json\/wp\/v2\/media\/1543"}],"wp:attachment":[{"href":"https:\/\/innocentiemangonipiante.it\/de\/wp-json\/wp\/v2\/media?parent=14827"}],"wp:term":[{"taxonomy":"product_brand","embeddable":true,"href":"https:\/\/innocentiemangonipiante.it\/de\/wp-json\/wp\/v2\/product_brand?post=14827"},{"taxonomy":"product_cat","embeddable":true,"href":"https:\/\/innocentiemangonipiante.it\/de\/wp-json\/wp\/v2\/product_cat?post=14827"},{"taxonomy":"product_tag","embeddable":true,"href":"https:\/\/innocentiemangonipiante.it\/de\/wp-json\/wp\/v2\/product_tag?post=14827"}],"curies":[{"name":"wp","href":"https:\/\/api.w.org\/{rel}","templated":true}]}}