{"id":14828,"date":"2023-11-04T00:06:09","date_gmt":"2023-11-03T23:06:09","guid":{"rendered":"http:\/\/innocentiemangonipiante.it\/cedrus-deodara-robusta-glauca\/"},"modified":"2023-11-06T17:47:47","modified_gmt":"2023-11-06T16:47:47","slug":"cedrus-deodara-robusta-glauca","status":"publish","type":"product","link":"https:\/\/innocentiemangonipiante.it\/de\/cedrus-deodara-robusta-glauca\/","title":{"rendered":"CEDRUS deodara &#8218;Robusta Glauca&#8216;"},"content":{"rendered":"<p>Breit kegelf\u00f6rmiger Nadelbaum mit steifen und senkrechten \u00c4sten. Die Rinde ist dunkelgrau. Die festen, spitz zulaufenden und viereckigen Nadeln sind hellgrau mit silbrig-blauen T\u00f6nungen und werden im Alter 5-7 cm lang.<\/p>\n","protected":false},"excerpt":{"rendered":"<p>Breit kegelf\u00f6rmiger Nadelbaum mit steifen und senkrechten \u00c4sten. Die Rinde ist dunkelgrau. Die festen, spitz zulaufenden und viereckigen Nadeln sind hellgrau mit silbrig-blauen T\u00f6nungen und werden im Alter 5-7 cm lang.<\/p>\n","protected":false},"featured_media":1537,"template":"","meta":{"_acf_changed":false},"product_brand":[],"product_cat":[8825],"product_tag":[10898],"class_list":{"0":"post-14828","1":"product","2":"type-product","3":"status-publish","4":"has-post-thumbnail","6":"product_cat-koniferen","7":"product_tag-naturlichen","8":"pa_altezza-massima-20-meter","9":"pa_altezza-massima-30-meter","10":"pa_colore-delle-foglie-grauen","11":"pa_condizionamento-clt-de","12":"pa_condizionamento-m-de","13":"pa_famiglia-pinaceae-de","14":"pa_genere-cedrus-de","15":"pa_origine-italien","16":"pa_portamento-piangente-de","17":"pa_resistenza-climatica-sehr-hoch","18":"pa_resistenza-del-suolo-bestandig-gegen-trockene-boden","19":"pa_resistenza-del-suolo-bestandigkeit-auf-feuchten-boden","20":"pa_utilizzo-alleen","21":"pa_utilizzo-parks-de","23":"first","24":"instock","25":"purchasable","26":"product-type-simple"},"acf":[],"_links":{"self":[{"href":"https:\/\/innocentiemangonipiante.it\/de\/wp-json\/wp\/v2\/product\/14828","targetHints":{"allow":["GET"]}}],"collection":[{"href":"https:\/\/innocentiemangonipiante.it\/de\/wp-json\/wp\/v2\/product"}],"about":[{"href":"https:\/\/innocentiemangonipiante.it\/de\/wp-json\/wp\/v2\/types\/product"}],"wp:featuredmedia":[{"embeddable":true,"href":"https:\/\/innocentiemangonipiante.it\/de\/wp-json\/wp\/v2\/media\/1537"}],"wp:attachment":[{"href":"https:\/\/innocentiemangonipiante.it\/de\/wp-json\/wp\/v2\/media?parent=14828"}],"wp:term":[{"taxonomy":"product_brand","embeddable":true,"href":"https:\/\/innocentiemangonipiante.it\/de\/wp-json\/wp\/v2\/product_brand?post=14828"},{"taxonomy":"product_cat","embeddable":true,"href":"https:\/\/innocentiemangonipiante.it\/de\/wp-json\/wp\/v2\/product_cat?post=14828"},{"taxonomy":"product_tag","embeddable":true,"href":"https:\/\/innocentiemangonipiante.it\/de\/wp-json\/wp\/v2\/product_tag?post=14828"}],"curies":[{"name":"wp","href":"https:\/\/api.w.org\/{rel}","templated":true}]}}