{"id":14830,"date":"2023-11-04T00:05:56","date_gmt":"2023-11-03T23:05:56","guid":{"rendered":"http:\/\/innocentiemangonipiante.it\/cedrus-deodara-golden-horizon\/"},"modified":"2023-11-06T17:47:39","modified_gmt":"2023-11-06T16:47:39","slug":"cedrus-deodara-golden-horizon","status":"publish","type":"product","link":"https:\/\/innocentiemangonipiante.it\/de\/cedrus-deodara-golden-horizon\/","title":{"rendered":"CEDRUS deodara &#8218;Golden Horizon&#8216;"},"content":{"rendered":"<p>Niedriger und kompakter Wuchs. Die goldgelben Nadeln sind 2-2,5 cm lang und besonders weich und zart. Die waagerechten Zweige sind leicht nach unten h\u00e4ngend mit herabh\u00e4ngenden Spitzen. Baumh\u00f6he: 3,5 Meter.<\/p>\n","protected":false},"excerpt":{"rendered":"<p>Niedriger und kompakter Wuchs. Die goldgelben Nadeln sind 2-2,5 cm lang und besonders weich und zart. Die waagerechten Zweige sind leicht nach unten h\u00e4ngend mit herabh\u00e4ngenden Spitzen. Baumh\u00f6he: 3,5 Meter.<\/p>\n","protected":false},"featured_media":1525,"template":"","meta":{"_acf_changed":false},"product_brand":[],"product_cat":[8825],"product_tag":[10898],"class_list":{"0":"post-14830","1":"product","2":"type-product","3":"status-publish","4":"has-post-thumbnail","6":"product_cat-koniferen","7":"product_tag-naturlichen","8":"pa_altezza-massima-200-de","9":"pa_altezza-massima-400-de","10":"pa_colore-delle-foglie-gelben","11":"pa_famiglia-pinaceae-de","12":"pa_genere-cedrus-de","13":"pa_origine-holland-de","14":"pa_portamento-arrotondato-de","15":"pa_resistenza-climatica-mittel-hoch","16":"pa_resistenza-del-suolo-bestandig-gegen-trockene-boden","17":"pa_resistenza-del-suolo-bestandigkeit-auf-feuchten-boden","18":"pa_utilizzo-kleine-gaerten","20":"first","21":"instock","22":"purchasable","23":"product-type-simple"},"acf":[],"_links":{"self":[{"href":"https:\/\/innocentiemangonipiante.it\/de\/wp-json\/wp\/v2\/product\/14830","targetHints":{"allow":["GET"]}}],"collection":[{"href":"https:\/\/innocentiemangonipiante.it\/de\/wp-json\/wp\/v2\/product"}],"about":[{"href":"https:\/\/innocentiemangonipiante.it\/de\/wp-json\/wp\/v2\/types\/product"}],"wp:featuredmedia":[{"embeddable":true,"href":"https:\/\/innocentiemangonipiante.it\/de\/wp-json\/wp\/v2\/media\/1525"}],"wp:attachment":[{"href":"https:\/\/innocentiemangonipiante.it\/de\/wp-json\/wp\/v2\/media?parent=14830"}],"wp:term":[{"taxonomy":"product_brand","embeddable":true,"href":"https:\/\/innocentiemangonipiante.it\/de\/wp-json\/wp\/v2\/product_brand?post=14830"},{"taxonomy":"product_cat","embeddable":true,"href":"https:\/\/innocentiemangonipiante.it\/de\/wp-json\/wp\/v2\/product_cat?post=14830"},{"taxonomy":"product_tag","embeddable":true,"href":"https:\/\/innocentiemangonipiante.it\/de\/wp-json\/wp\/v2\/product_tag?post=14830"}],"curies":[{"name":"wp","href":"https:\/\/api.w.org\/{rel}","templated":true}]}}