{"id":14833,"date":"2023-11-04T00:05:30","date_gmt":"2023-11-03T23:05:30","guid":{"rendered":"http:\/\/innocentiemangonipiante.it\/cedrus-deodara-blue-triumph\/"},"modified":"2023-11-06T17:47:22","modified_gmt":"2023-11-06T16:47:22","slug":"cedrus-deodara-blue-triumph","status":"publish","type":"product","link":"https:\/\/innocentiemangonipiante.it\/de\/cedrus-deodara-blue-triumph\/","title":{"rendered":"CEDRUS deodara &#8218;Blue Triumph&#8216;"},"content":{"rendered":"<p>Eigene Realisierung durch Veredelung der Sorte C. deodara. Der Wuchs ist regelm\u00e4\u00dfiger als der der Grundsorte. Die etwas l\u00e4ngeren Nadeln haben eine besonders intensive blaue Farbe.<\/p>\n","protected":false},"excerpt":{"rendered":"<p>Eigene Realisierung durch Veredelung der Sorte C. deodara. Der Wuchs ist regelm\u00e4\u00dfiger als der der Grundsorte. Die etwas l\u00e4ngeren Nadeln haben eine besonders intensive blaue Farbe.<\/p>\n","protected":false},"featured_media":1512,"template":"","meta":{"_acf_changed":false},"product_brand":[],"product_cat":[8825],"product_tag":[10898],"class_list":{"0":"post-14833","1":"product","2":"type-product","3":"status-publish","4":"has-post-thumbnail","6":"product_cat-koniferen","7":"product_tag-naturlichen","8":"pa_altezza-massima-25-meter","9":"pa_altezza-massima-35-meter","10":"pa_colore-delle-foglie-blau","11":"pa_condizionamento-clt-de","12":"pa_famiglia-pinaceae-de","13":"pa_genere-cedrus-de","14":"pa_origine-italien","15":"pa_portamento-piramidale-de","16":"pa_resistenza-climatica-mittel-hoch","17":"pa_resistenza-del-suolo-bestandig-gegen-trockene-boden","18":"pa_resistenza-del-suolo-bestandigkeit-auf-feuchten-boden","19":"pa_utilizzo-parks-de","21":"first","22":"instock","23":"purchasable","24":"product-type-simple"},"acf":[],"_links":{"self":[{"href":"https:\/\/innocentiemangonipiante.it\/de\/wp-json\/wp\/v2\/product\/14833","targetHints":{"allow":["GET"]}}],"collection":[{"href":"https:\/\/innocentiemangonipiante.it\/de\/wp-json\/wp\/v2\/product"}],"about":[{"href":"https:\/\/innocentiemangonipiante.it\/de\/wp-json\/wp\/v2\/types\/product"}],"wp:featuredmedia":[{"embeddable":true,"href":"https:\/\/innocentiemangonipiante.it\/de\/wp-json\/wp\/v2\/media\/1512"}],"wp:attachment":[{"href":"https:\/\/innocentiemangonipiante.it\/de\/wp-json\/wp\/v2\/media?parent=14833"}],"wp:term":[{"taxonomy":"product_brand","embeddable":true,"href":"https:\/\/innocentiemangonipiante.it\/de\/wp-json\/wp\/v2\/product_brand?post=14833"},{"taxonomy":"product_cat","embeddable":true,"href":"https:\/\/innocentiemangonipiante.it\/de\/wp-json\/wp\/v2\/product_cat?post=14833"},{"taxonomy":"product_tag","embeddable":true,"href":"https:\/\/innocentiemangonipiante.it\/de\/wp-json\/wp\/v2\/product_tag?post=14833"}],"curies":[{"name":"wp","href":"https:\/\/api.w.org\/{rel}","templated":true}]}}