{"id":14835,"date":"2023-11-04T00:05:15","date_gmt":"2023-11-03T23:05:15","guid":{"rendered":"http:\/\/innocentiemangonipiante.it\/cedrus-deodara\/"},"modified":"2023-11-06T17:47:07","modified_gmt":"2023-11-06T16:47:07","slug":"cedrus-deodara","status":"publish","type":"product","link":"https:\/\/innocentiemangonipiante.it\/de\/cedrus-deodara\/","title":{"rendered":"CEDRUS deodara"},"content":{"rendered":"<p>\u201cHimalaja -Zeder\u201d. Breit kegelf\u00f6rmiger Nadelbaum mit ziemlich schnellem Wachstum. Die Spitzen der Seitenzweige sind weich, biegsam und nach unten fallend.Die Bl\u00e4tter bestehen aus Quirlen mit 20-30 gr\u00fcn gl\u00e4nzenden und blaugr\u00fcnen Nadeln, die spitz zulaufen, aber nicht so steif sind wie die der Sorte \u2018Atlantica\u2019. Weibliche 8-12 cm lange Fruchtzapfen, die zun\u00e4chst gr\u00fcn sind und dann braun mit blaugr\u00fcnen T\u00f6nungen werden.<\/p>\n","protected":false},"excerpt":{"rendered":"<p>\u201cHimalaja -Zeder\u201d. Breit kegelf\u00f6rmiger Nadelbaum mit ziemlich schnellem Wachstum. Die Spitzen der Seitenzweige sind weich, biegsam und nach unten fallend.Die Bl\u00e4tter bestehen aus Quirlen mit 20-30 gr\u00fcn gl\u00e4nzenden und blaugr\u00fcnen Nadeln, die spitz zulaufen, aber nicht so steif sind wie die der Sorte \u2018Atlantica\u2019. Weibliche 8-12 cm lange Fruchtzapfen, die zun\u00e4chst gr\u00fcn sind und dann [&hellip;]<\/p>\n","protected":false},"featured_media":1500,"template":"","meta":{"_acf_changed":false},"product_brand":[],"product_cat":[8825],"product_tag":[10898],"class_list":{"0":"post-14835","1":"product","2":"type-product","3":"status-publish","4":"has-post-thumbnail","6":"product_cat-koniferen","7":"product_tag-naturlichen","8":"pa_altezza-massima-30-meter","9":"pa_altezza-massima-40-meter","10":"pa_condizionamento-clt-de","11":"pa_condizionamento-jungplanzen","12":"pa_condizionamento-m-de","13":"pa_famiglia-pinaceae-de","14":"pa_genere-cedrus-de","15":"pa_origine-himalaja","16":"pa_portamento-piramidale-de","17":"pa_resistenza-climatica-mittel-hoch","18":"pa_resistenza-del-suolo-bestandig-gegen-trockene-boden","19":"pa_resistenza-del-suolo-bestandigkeit-auf-feuchten-boden","20":"pa_utilizzo-parks-de","22":"first","23":"instock","24":"purchasable","25":"product-type-simple"},"acf":[],"_links":{"self":[{"href":"https:\/\/innocentiemangonipiante.it\/de\/wp-json\/wp\/v2\/product\/14835","targetHints":{"allow":["GET"]}}],"collection":[{"href":"https:\/\/innocentiemangonipiante.it\/de\/wp-json\/wp\/v2\/product"}],"about":[{"href":"https:\/\/innocentiemangonipiante.it\/de\/wp-json\/wp\/v2\/types\/product"}],"wp:featuredmedia":[{"embeddable":true,"href":"https:\/\/innocentiemangonipiante.it\/de\/wp-json\/wp\/v2\/media\/1500"}],"wp:attachment":[{"href":"https:\/\/innocentiemangonipiante.it\/de\/wp-json\/wp\/v2\/media?parent=14835"}],"wp:term":[{"taxonomy":"product_brand","embeddable":true,"href":"https:\/\/innocentiemangonipiante.it\/de\/wp-json\/wp\/v2\/product_brand?post=14835"},{"taxonomy":"product_cat","embeddable":true,"href":"https:\/\/innocentiemangonipiante.it\/de\/wp-json\/wp\/v2\/product_cat?post=14835"},{"taxonomy":"product_tag","embeddable":true,"href":"https:\/\/innocentiemangonipiante.it\/de\/wp-json\/wp\/v2\/product_tag?post=14835"}],"curies":[{"name":"wp","href":"https:\/\/api.w.org\/{rel}","templated":true}]}}