{"id":14838,"date":"2023-11-04T00:04:54","date_gmt":"2023-11-03T23:04:54","guid":{"rendered":"http:\/\/innocentiemangonipiante.it\/cedrus-atlantica-glauca\/"},"modified":"2023-11-06T17:46:40","modified_gmt":"2023-11-06T16:46:40","slug":"cedrus-atlantica-glauca","status":"publish","type":"product","link":"https:\/\/innocentiemangonipiante.it\/de\/cedrus-atlantica-glauca\/","title":{"rendered":"CEDRUS atlantica &#8218;Glauca&#8216;"},"content":{"rendered":"<p>\u201cBlaue Atlas-Zeder\u201d. Gro\u00dfer Nadelbaum mit breit kegelf\u00f6rmigem Wuchs. Die gl\u00e4nzenden grau-blauen 2-2,5 cm langen Nadeln sind auf den l\u00e4ngeren Zweigen spiralf\u00f6rmig angeordnet und auf den k\u00fcrzeren Zweigen in dichten Rosetten gruppiert. 10 cm lange Fruchtzapfen, die anfangs gr\u00fcn und sp\u00e4ter grau-braun sind.<\/p>\n","protected":false},"excerpt":{"rendered":"<p>\u201cBlaue Atlas-Zeder\u201d. Gro\u00dfer Nadelbaum mit breit kegelf\u00f6rmigem Wuchs. Die gl\u00e4nzenden grau-blauen 2-2,5 cm langen Nadeln sind auf den l\u00e4ngeren Zweigen spiralf\u00f6rmig angeordnet und auf den k\u00fcrzeren Zweigen in dichten Rosetten gruppiert. 10 cm lange Fruchtzapfen, die anfangs gr\u00fcn und sp\u00e4ter grau-braun sind.<\/p>\n","protected":false},"featured_media":1493,"template":"","meta":{"_acf_changed":false},"product_brand":[],"product_cat":[8825],"product_tag":[10898,8717],"class_list":{"0":"post-14838","1":"product","2":"type-product","3":"status-publish","4":"has-post-thumbnail","6":"product_cat-koniferen","7":"product_tag-naturlichen","8":"product_tag-pompons-de","9":"pa_altezza-massima-20-meter","10":"pa_altezza-massima-30-meter","11":"pa_colore-delle-foglie-grauen","12":"pa_condizionamento-clt-de","13":"pa_condizionamento-jungplanzen","14":"pa_condizionamento-m-de","15":"pa_famiglia-pinaceae-de","16":"pa_genere-cedrus-de","17":"pa_inquinamento-bestaendigkeit-gegen-smog","18":"pa_origine-nordafrika","19":"pa_portamento-piramidale-de","20":"pa_resistenza-climatica-sehr-hoch","21":"pa_resistenza-del-suolo-bestandig-gegen-kalkhaltige-boden","22":"pa_resistenza-del-suolo-bestandig-gegen-trockene-boden","23":"pa_resistenza-del-suolo-resistent-gegen-arme-boeden","24":"pa_utilizzo-parks-de","26":"first","27":"instock","28":"purchasable","29":"product-type-simple"},"acf":[],"_links":{"self":[{"href":"https:\/\/innocentiemangonipiante.it\/de\/wp-json\/wp\/v2\/product\/14838","targetHints":{"allow":["GET"]}}],"collection":[{"href":"https:\/\/innocentiemangonipiante.it\/de\/wp-json\/wp\/v2\/product"}],"about":[{"href":"https:\/\/innocentiemangonipiante.it\/de\/wp-json\/wp\/v2\/types\/product"}],"wp:featuredmedia":[{"embeddable":true,"href":"https:\/\/innocentiemangonipiante.it\/de\/wp-json\/wp\/v2\/media\/1493"}],"wp:attachment":[{"href":"https:\/\/innocentiemangonipiante.it\/de\/wp-json\/wp\/v2\/media?parent=14838"}],"wp:term":[{"taxonomy":"product_brand","embeddable":true,"href":"https:\/\/innocentiemangonipiante.it\/de\/wp-json\/wp\/v2\/product_brand?post=14838"},{"taxonomy":"product_cat","embeddable":true,"href":"https:\/\/innocentiemangonipiante.it\/de\/wp-json\/wp\/v2\/product_cat?post=14838"},{"taxonomy":"product_tag","embeddable":true,"href":"https:\/\/innocentiemangonipiante.it\/de\/wp-json\/wp\/v2\/product_tag?post=14838"}],"curies":[{"name":"wp","href":"https:\/\/api.w.org\/{rel}","templated":true}]}}