{"id":14842,"date":"2023-11-04T00:06:38","date_gmt":"2023-11-03T23:06:38","guid":{"rendered":"http:\/\/innocentiemangonipiante.it\/celtis-occidentalis\/"},"modified":"2023-11-06T17:48:30","modified_gmt":"2023-11-06T16:48:30","slug":"celtis-occidentalis","status":"publish","type":"product","link":"https:\/\/innocentiemangonipiante.it\/de\/celtis-occidentalis\/","title":{"rendered":"CELTIS occidentalis"},"content":{"rendered":"<p>Mittelgro\u00dfe bis gro\u00dfe Laubbaum mit aufrecht greif Verzweigung und einer abgerundeten Krone Verbreitung. Hellgr\u00fcne Bl\u00e4tter, gelbe Herbstf\u00e4rbung. Es produziert kleine Beeren, die sich orange-rot bis dunkelviolett im Herbst drehen. Alte grauen Rinde entwickelt korkige Rippen und warzige Textur.<\/p>\n","protected":false},"excerpt":{"rendered":"<p>Mittelgro\u00dfe bis gro\u00dfe Laubbaum mit aufrecht greif Verzweigung und einer abgerundeten Krone Verbreitung. Hellgr\u00fcne Bl\u00e4tter, gelbe Herbstf\u00e4rbung. Es produziert kleine Beeren, die sich orange-rot bis dunkelviolett im Herbst drehen. Alte grauen Rinde entwickelt korkige Rippen und warzige Textur.<\/p>\n","protected":false},"featured_media":1555,"template":"","meta":{"_acf_changed":false},"product_brand":[],"product_cat":[8813],"product_tag":[10898,8401],"class_list":{"0":"post-14842","1":"product","2":"type-product","3":"status-publish","4":"has-post-thumbnail","6":"product_cat-laubbaume-und-straucher","7":"product_tag-naturlichen","8":"product_tag-hochstamm","9":"pa_altezza-massima-1000-de-2","10":"pa_altezza-massima-15-meter","11":"pa_condizionamento-clt-de","12":"pa_condizionamento-m-de","13":"pa_famiglia-ulmaceae-de","14":"pa_genere-celtis-de","15":"pa_origine-u-s-a","16":"pa_portamento-arrotondato-de","17":"pa_resistenza-climatica-sehr-hoch","18":"pa_utilizzo-alleen","20":"first","21":"instock","22":"purchasable","23":"product-type-simple"},"acf":[],"_links":{"self":[{"href":"https:\/\/innocentiemangonipiante.it\/de\/wp-json\/wp\/v2\/product\/14842","targetHints":{"allow":["GET"]}}],"collection":[{"href":"https:\/\/innocentiemangonipiante.it\/de\/wp-json\/wp\/v2\/product"}],"about":[{"href":"https:\/\/innocentiemangonipiante.it\/de\/wp-json\/wp\/v2\/types\/product"}],"wp:featuredmedia":[{"embeddable":true,"href":"https:\/\/innocentiemangonipiante.it\/de\/wp-json\/wp\/v2\/media\/1555"}],"wp:attachment":[{"href":"https:\/\/innocentiemangonipiante.it\/de\/wp-json\/wp\/v2\/media?parent=14842"}],"wp:term":[{"taxonomy":"product_brand","embeddable":true,"href":"https:\/\/innocentiemangonipiante.it\/de\/wp-json\/wp\/v2\/product_brand?post=14842"},{"taxonomy":"product_cat","embeddable":true,"href":"https:\/\/innocentiemangonipiante.it\/de\/wp-json\/wp\/v2\/product_cat?post=14842"},{"taxonomy":"product_tag","embeddable":true,"href":"https:\/\/innocentiemangonipiante.it\/de\/wp-json\/wp\/v2\/product_tag?post=14842"}],"curies":[{"name":"wp","href":"https:\/\/api.w.org\/{rel}","templated":true}]}}