{"id":14843,"date":"2023-11-04T00:06:32","date_gmt":"2023-11-03T23:06:32","guid":{"rendered":"http:\/\/innocentiemangonipiante.it\/celtis-australis\/"},"modified":"2023-11-06T17:48:27","modified_gmt":"2023-11-06T16:48:27","slug":"celtis-australis","status":"publish","type":"product","link":"https:\/\/innocentiemangonipiante.it\/de\/celtis-australis\/","title":{"rendered":"CELTIS australis"},"content":{"rendered":"<p>\u201cZ\u00fcrgelbaum\u2019\u2019.Sommergr\u00fcner ausladender Baum. Die eif\u00f6rmigen bis lanzettartigen, rauhen und gez\u00e4hnten Bl\u00e4tter werden bis 15 cm lang und haben eine dunkelgr\u00fcne Ober- und eine etwas hellere Unterseite. Die Rinde ist glatt und hellgrau. Eine sehr rustikale Sorte, die besonders f\u00fcr kalkreiche B\u00f6den empfehlenswert ist.<\/p>\n","protected":false},"excerpt":{"rendered":"<p>\u201cZ\u00fcrgelbaum\u2019\u2019.Sommergr\u00fcner ausladender Baum. Die eif\u00f6rmigen bis lanzettartigen, rauhen und gez\u00e4hnten Bl\u00e4tter werden bis 15 cm lang und haben eine dunkelgr\u00fcne Ober- und eine etwas hellere Unterseite. Die Rinde ist glatt und hellgrau. Eine sehr rustikale Sorte, die besonders f\u00fcr kalkreiche B\u00f6den empfehlenswert ist.<\/p>\n","protected":false},"featured_media":1549,"template":"","meta":{"_acf_changed":false},"product_brand":[],"product_cat":[8813,9231],"product_tag":[10898,8401],"class_list":{"0":"post-14843","1":"product","2":"type-product","3":"status-publish","4":"has-post-thumbnail","6":"product_cat-laubbaume-und-straucher","7":"product_cat-baume-und-pflanzen-der-zukunft","8":"product_tag-naturlichen","9":"product_tag-hochstamm","10":"pa_altezza-massima-15-meter","11":"pa_altezza-massima-25-meter","12":"pa_condizionamento-clt-de","13":"pa_condizionamento-m-de","14":"pa_famiglia-ulmaceae-de","15":"pa_genere-celtis-de","16":"pa_inquinamento-bestaendigkeit-gegen-smog","17":"pa_origine-nordafrika","18":"pa_portamento-arrotondato-de","19":"pa_resistenza-climatica-sehr-hoch","20":"pa_resistenza-del-suolo-bestandig-gegen-kalkhaltige-boden","21":"pa_resistenza-del-suolo-bestandig-gegen-trockene-boden","22":"pa_resistenza-del-suolo-resistent-gegen-arme-boeden","23":"pa_utilizzo-alleen","25":"first","26":"instock","27":"purchasable","28":"product-type-simple"},"acf":[],"_links":{"self":[{"href":"https:\/\/innocentiemangonipiante.it\/de\/wp-json\/wp\/v2\/product\/14843","targetHints":{"allow":["GET"]}}],"collection":[{"href":"https:\/\/innocentiemangonipiante.it\/de\/wp-json\/wp\/v2\/product"}],"about":[{"href":"https:\/\/innocentiemangonipiante.it\/de\/wp-json\/wp\/v2\/types\/product"}],"wp:featuredmedia":[{"embeddable":true,"href":"https:\/\/innocentiemangonipiante.it\/de\/wp-json\/wp\/v2\/media\/1549"}],"wp:attachment":[{"href":"https:\/\/innocentiemangonipiante.it\/de\/wp-json\/wp\/v2\/media?parent=14843"}],"wp:term":[{"taxonomy":"product_brand","embeddable":true,"href":"https:\/\/innocentiemangonipiante.it\/de\/wp-json\/wp\/v2\/product_brand?post=14843"},{"taxonomy":"product_cat","embeddable":true,"href":"https:\/\/innocentiemangonipiante.it\/de\/wp-json\/wp\/v2\/product_cat?post=14843"},{"taxonomy":"product_tag","embeddable":true,"href":"https:\/\/innocentiemangonipiante.it\/de\/wp-json\/wp\/v2\/product_tag?post=14843"}],"curies":[{"name":"wp","href":"https:\/\/api.w.org\/{rel}","templated":true}]}}