{"id":14845,"date":"2023-11-04T00:07:17","date_gmt":"2023-11-03T23:07:17","guid":{"rendered":"http:\/\/innocentiemangonipiante.it\/ceratonia-siliqua\/"},"modified":"2023-11-06T17:48:51","modified_gmt":"2023-11-06T16:48:51","slug":"ceratonia-siliqua","status":"publish","type":"product","link":"https:\/\/innocentiemangonipiante.it\/de\/ceratonia-siliqua\/","title":{"rendered":"CERATONIA siliqua"},"content":{"rendered":"<p>Grosser Baum typisch in Mittelmeerklimas. Grosse dunkelgr\u00fcne gl\u00e4nzende Bl\u00e4tter.<\/p>\n","protected":false},"excerpt":{"rendered":"<p>Grosser Baum typisch in Mittelmeerklimas. Grosse dunkelgr\u00fcne gl\u00e4nzende Bl\u00e4tter.<\/p>\n","protected":false},"featured_media":1572,"template":"","meta":{"_acf_changed":false},"product_brand":[],"product_cat":[8816],"product_tag":[10898,8401],"class_list":{"0":"post-14845","1":"product","2":"type-product","3":"status-publish","4":"has-post-thumbnail","6":"product_cat-hartnaeckige-baeume-und-straeucher","7":"product_tag-naturlichen","8":"product_tag-hochstamm","9":"pa_altezza-massima-800-de","10":"pa_altezza-massima-12-meter","11":"pa_condizionamento-clt-de","12":"pa_condizionamento-jungplanzen","13":"pa_famiglia-leguminosae-de","14":"pa_genere-ceratonia-de","15":"pa_origine-sudeuropa-de","16":"pa_portamento-arrotondato-de","17":"pa_resistenza-climatica-mittel","18":"pa_resistenza-del-suolo-bestandig-gegen-trockene-boden","19":"pa_utilizzo-parks-de","21":"first","22":"instock","23":"purchasable","24":"product-type-simple"},"acf":[],"_links":{"self":[{"href":"https:\/\/innocentiemangonipiante.it\/de\/wp-json\/wp\/v2\/product\/14845","targetHints":{"allow":["GET"]}}],"collection":[{"href":"https:\/\/innocentiemangonipiante.it\/de\/wp-json\/wp\/v2\/product"}],"about":[{"href":"https:\/\/innocentiemangonipiante.it\/de\/wp-json\/wp\/v2\/types\/product"}],"wp:featuredmedia":[{"embeddable":true,"href":"https:\/\/innocentiemangonipiante.it\/de\/wp-json\/wp\/v2\/media\/1572"}],"wp:attachment":[{"href":"https:\/\/innocentiemangonipiante.it\/de\/wp-json\/wp\/v2\/media?parent=14845"}],"wp:term":[{"taxonomy":"product_brand","embeddable":true,"href":"https:\/\/innocentiemangonipiante.it\/de\/wp-json\/wp\/v2\/product_brand?post=14845"},{"taxonomy":"product_cat","embeddable":true,"href":"https:\/\/innocentiemangonipiante.it\/de\/wp-json\/wp\/v2\/product_cat?post=14845"},{"taxonomy":"product_tag","embeddable":true,"href":"https:\/\/innocentiemangonipiante.it\/de\/wp-json\/wp\/v2\/product_tag?post=14845"}],"curies":[{"name":"wp","href":"https:\/\/api.w.org\/{rel}","templated":true}]}}