{"id":14846,"date":"2023-11-04T00:07:31","date_gmt":"2023-11-03T23:07:31","guid":{"rendered":"http:\/\/innocentiemangonipiante.it\/ceratostigma-willmottianum\/"},"modified":"2023-11-06T17:48:57","modified_gmt":"2023-11-06T16:48:57","slug":"ceratostigma-willmottianum","status":"publish","type":"product","link":"https:\/\/innocentiemangonipiante.it\/de\/ceratostigma-willmottianum\/","title":{"rendered":"CERATOSTIGMA willmottianum"},"content":{"rendered":"<p>Sommergr\u00fcner Strauch mit sch\u00f6nen mittelgr\u00fcnen purpurrot ger\u00e4nderten Bl\u00e4ttern, die zu Rot im Herbst wechseln. Vom Sommer bis Herbst tr\u00e4gt reiche Mengen an intensivblaue Bl\u00fcten.<\/p>\n","protected":false},"excerpt":{"rendered":"<p>Sommergr\u00fcner Strauch mit sch\u00f6nen mittelgr\u00fcnen purpurrot ger\u00e4nderten Bl\u00e4ttern, die zu Rot im Herbst wechseln. Vom Sommer bis Herbst tr\u00e4gt reiche Mengen an intensivblaue Bl\u00fcten.<\/p>\n","protected":false},"featured_media":1578,"template":"","meta":{"_acf_changed":false},"product_brand":[],"product_cat":[8813],"product_tag":[10898],"class_list":{"0":"post-14846","1":"product","2":"type-product","3":"status-publish","4":"has-post-thumbnail","6":"product_cat-laubbaume-und-straucher","7":"product_tag-naturlichen","8":"pa_altezza-massima-0_50-meter","9":"pa_altezza-massima-100-de","10":"pa_colore-delle-foglie-vielfaeltigen","11":"pa_colore-fioritura-hellblau","12":"pa_condizionamento-clt-de","13":"pa_famiglia-plumbaginaceae-de","14":"pa_genere-ceratostigma-de","15":"pa_origine-china-de","16":"pa_periodo-fioritura-august-de","17":"pa_periodo-fioritura-juli","18":"pa_periodo-fioritura-juni","19":"pa_periodo-fioritura-oktober","20":"pa_periodo-fioritura-september-de","21":"pa_portamento-cespuglioso-de","22":"pa_resistenza-climatica-mittel-hoch","23":"pa_resistenza-del-suolo-bestandig-gegen-trockene-boden","24":"pa_salinita-bestaendigkeit-in-meeresluft","25":"pa_utilizzo-balkone","26":"pa_utilizzo-kleine-gaerten","28":"first","29":"instock","30":"purchasable","31":"product-type-simple"},"acf":[],"_links":{"self":[{"href":"https:\/\/innocentiemangonipiante.it\/de\/wp-json\/wp\/v2\/product\/14846","targetHints":{"allow":["GET"]}}],"collection":[{"href":"https:\/\/innocentiemangonipiante.it\/de\/wp-json\/wp\/v2\/product"}],"about":[{"href":"https:\/\/innocentiemangonipiante.it\/de\/wp-json\/wp\/v2\/types\/product"}],"wp:featuredmedia":[{"embeddable":true,"href":"https:\/\/innocentiemangonipiante.it\/de\/wp-json\/wp\/v2\/media\/1578"}],"wp:attachment":[{"href":"https:\/\/innocentiemangonipiante.it\/de\/wp-json\/wp\/v2\/media?parent=14846"}],"wp:term":[{"taxonomy":"product_brand","embeddable":true,"href":"https:\/\/innocentiemangonipiante.it\/de\/wp-json\/wp\/v2\/product_brand?post=14846"},{"taxonomy":"product_cat","embeddable":true,"href":"https:\/\/innocentiemangonipiante.it\/de\/wp-json\/wp\/v2\/product_cat?post=14846"},{"taxonomy":"product_tag","embeddable":true,"href":"https:\/\/innocentiemangonipiante.it\/de\/wp-json\/wp\/v2\/product_tag?post=14846"}],"curies":[{"name":"wp","href":"https:\/\/api.w.org\/{rel}","templated":true}]}}