{"id":14847,"date":"2023-11-04T00:07:40","date_gmt":"2023-11-03T23:07:40","guid":{"rendered":"http:\/\/innocentiemangonipiante.it\/cercidiphyllum-japonicum\/"},"modified":"2023-11-06T17:49:00","modified_gmt":"2023-11-06T16:49:00","slug":"cercidiphyllum-japonicum","status":"publish","type":"product","link":"https:\/\/innocentiemangonipiante.it\/de\/cercidiphyllum-japonicum\/","title":{"rendered":"CERCIDIPHYLLUM japonicum"},"content":{"rendered":"<p>Pyramidenf\u00f6miger bis rundlicher sommergr\u00fcner Baum mit eif\u00f6migen bis rundlichen bis zu 10 Cm langen Bl\u00e4ttern, die bronzefarben sind und im Herbst gelb-orange werden: F\u00fcr reichhaltige saure B\u00f6den geeignet.<\/p>\n","protected":false},"excerpt":{"rendered":"<p>Pyramidenf\u00f6miger bis rundlicher sommergr\u00fcner Baum mit eif\u00f6migen bis rundlichen bis zu 10 Cm langen Bl\u00e4ttern, die bronzefarben sind und im Herbst gelb-orange werden: F\u00fcr reichhaltige saure B\u00f6den geeignet.<\/p>\n","protected":false},"featured_media":1584,"template":"","meta":{"_acf_changed":false},"product_brand":[],"product_cat":[8813],"product_tag":[10898],"class_list":{"0":"post-14847","1":"product","2":"type-product","3":"status-publish","4":"has-post-thumbnail","6":"product_cat-laubbaume-und-straucher","7":"product_tag-naturlichen","8":"pa_altezza-massima-800-de","9":"pa_altezza-massima-1000-de-2","10":"pa_famiglia-cercidiphyllaceae-de","11":"pa_genere-cercidiphyllum-de","12":"pa_inquinamento-bestaendigkeit-gegen-smog","13":"pa_origine-ostasien","14":"pa_portamento-piramidale-de","15":"pa_resistenza-climatica-mittel-hoch","16":"pa_resistenza-del-suolo-bestandig-gegen-kalkhaltige-boden","17":"pa_utilizzo-parks-de","19":"first","20":"instock","21":"purchasable","22":"product-type-simple"},"acf":[],"_links":{"self":[{"href":"https:\/\/innocentiemangonipiante.it\/de\/wp-json\/wp\/v2\/product\/14847","targetHints":{"allow":["GET"]}}],"collection":[{"href":"https:\/\/innocentiemangonipiante.it\/de\/wp-json\/wp\/v2\/product"}],"about":[{"href":"https:\/\/innocentiemangonipiante.it\/de\/wp-json\/wp\/v2\/types\/product"}],"wp:featuredmedia":[{"embeddable":true,"href":"https:\/\/innocentiemangonipiante.it\/de\/wp-json\/wp\/v2\/media\/1584"}],"wp:attachment":[{"href":"https:\/\/innocentiemangonipiante.it\/de\/wp-json\/wp\/v2\/media?parent=14847"}],"wp:term":[{"taxonomy":"product_brand","embeddable":true,"href":"https:\/\/innocentiemangonipiante.it\/de\/wp-json\/wp\/v2\/product_brand?post=14847"},{"taxonomy":"product_cat","embeddable":true,"href":"https:\/\/innocentiemangonipiante.it\/de\/wp-json\/wp\/v2\/product_cat?post=14847"},{"taxonomy":"product_tag","embeddable":true,"href":"https:\/\/innocentiemangonipiante.it\/de\/wp-json\/wp\/v2\/product_tag?post=14847"}],"curies":[{"name":"wp","href":"https:\/\/api.w.org\/{rel}","templated":true}]}}