{"id":14848,"date":"2023-11-04T00:09:35","date_gmt":"2023-11-03T23:09:35","guid":{"rendered":"http:\/\/innocentiemangonipiante.it\/cercis-siliquastrum\/"},"modified":"2023-11-06T17:50:20","modified_gmt":"2023-11-06T16:50:20","slug":"cercis-siliquastrum","status":"publish","type":"product","link":"https:\/\/innocentiemangonipiante.it\/de\/cercis-siliquastrum\/","title":{"rendered":"CERCIS siliquastrum"},"content":{"rendered":"<p>\u201cGew\u00f6hnlicher Judasbaum\u201d. Gro\u00dfer sommergr\u00fcner Baum oder Strauch mit aufrechtem Wuchs. Wechselst\u00e4ndige, rundliche Bl\u00e4tter, die 7 bis 12 cm lang werden und gr\u00fcn bis hellgr\u00fcn sind. Rosa Bl\u00fcten in Trauben, die meist direkt auf den hauptzweigen sitzen. Sehr gut f\u00fcr kalkhaltige B\u00f6den geeignet.<\/p>\n","protected":false},"excerpt":{"rendered":"<p>\u201cGew\u00f6hnlicher Judasbaum\u201d. Gro\u00dfer sommergr\u00fcner Baum oder Strauch mit aufrechtem Wuchs. Wechselst\u00e4ndige, rundliche Bl\u00e4tter, die 7 bis 12 cm lang werden und gr\u00fcn bis hellgr\u00fcn sind. Rosa Bl\u00fcten in Trauben, die meist direkt auf den hauptzweigen sitzen. Sehr gut f\u00fcr kalkhaltige B\u00f6den geeignet.<\/p>\n","protected":false},"featured_media":1614,"template":"","meta":{"_acf_changed":false},"product_brand":[],"product_cat":[8813,9231],"product_tag":[10898,8565,8401,8597],"class_list":{"0":"post-14848","1":"product","2":"type-product","3":"status-publish","4":"has-post-thumbnail","6":"product_cat-laubbaume-und-straucher","7":"product_cat-baume-und-pflanzen-der-zukunft","8":"product_tag-naturlichen","9":"product_tag-halbstamm","10":"product_tag-hochstamm","11":"product_tag-multistamm","12":"pa_altezza-massima-800-de","13":"pa_altezza-massima-1000-de-2","14":"pa_colore-fioritura-rose-de","15":"pa_condizionamento-clt-de","16":"pa_condizionamento-jungplanzen","17":"pa_condizionamento-m-de","18":"pa_famiglia-leguminosae-de","19":"pa_genere-cercis-de","20":"pa_origine-nahen-osten","21":"pa_periodo-fioritura-april-de","22":"pa_portamento-arrotondato-de","23":"pa_resistenza-climatica-sehr-hoch","24":"pa_resistenza-del-suolo-bestandig-gegen-kalkhaltige-boden","25":"pa_resistenza-del-suolo-bestandig-gegen-trockene-boden","26":"pa_salinita-bestaendigkeit-in-meeresluft","27":"pa_utilizzo-kleine-gaerten","28":"pa_utilizzo-parks-de","30":"first","31":"instock","32":"purchasable","33":"product-type-simple"},"acf":[],"_links":{"self":[{"href":"https:\/\/innocentiemangonipiante.it\/de\/wp-json\/wp\/v2\/product\/14848","targetHints":{"allow":["GET"]}}],"collection":[{"href":"https:\/\/innocentiemangonipiante.it\/de\/wp-json\/wp\/v2\/product"}],"about":[{"href":"https:\/\/innocentiemangonipiante.it\/de\/wp-json\/wp\/v2\/types\/product"}],"wp:featuredmedia":[{"embeddable":true,"href":"https:\/\/innocentiemangonipiante.it\/de\/wp-json\/wp\/v2\/media\/1614"}],"wp:attachment":[{"href":"https:\/\/innocentiemangonipiante.it\/de\/wp-json\/wp\/v2\/media?parent=14848"}],"wp:term":[{"taxonomy":"product_brand","embeddable":true,"href":"https:\/\/innocentiemangonipiante.it\/de\/wp-json\/wp\/v2\/product_brand?post=14848"},{"taxonomy":"product_cat","embeddable":true,"href":"https:\/\/innocentiemangonipiante.it\/de\/wp-json\/wp\/v2\/product_cat?post=14848"},{"taxonomy":"product_tag","embeddable":true,"href":"https:\/\/innocentiemangonipiante.it\/de\/wp-json\/wp\/v2\/product_tag?post=14848"}],"curies":[{"name":"wp","href":"https:\/\/api.w.org\/{rel}","templated":true}]}}