{"id":14849,"date":"2023-11-04T00:08:59","date_gmt":"2023-11-03T23:08:59","guid":{"rendered":"http:\/\/innocentiemangonipiante.it\/cercis-canadensis-texas-white\/"},"modified":"2023-11-06T17:49:38","modified_gmt":"2023-11-06T16:49:38","slug":"cercis-canadensis-texas-white","status":"publish","type":"product","link":"https:\/\/innocentiemangonipiante.it\/de\/cercis-canadensis-texas-white\/","title":{"rendered":"CERCIS canadensis &#8218;Texas White&#8216;"},"content":{"rendered":"<p>Im Gegensatz zur \u00fcblichen Art hat diese Sorte nicht die typischen herzf\u00f6rmigen Bl\u00e4tter, sondern sie sind runder und gl\u00e4nzender, mit einem gewellten Rand. Im Fr\u00fchjahr bringt der Baum wei\u00dfe Bl\u00fcten hervor.<\/p>\n","protected":false},"excerpt":{"rendered":"<p>Im Gegensatz zur \u00fcblichen Art hat diese Sorte nicht die typischen herzf\u00f6rmigen Bl\u00e4tter, sondern sie sind runder und gl\u00e4nzender, mit einem gewellten Rand. Im Fr\u00fchjahr bringt der Baum wei\u00dfe Bl\u00fcten hervor.<\/p>\n","protected":false},"featured_media":1602,"template":"","meta":{"_acf_changed":false},"product_brand":[],"product_cat":[8813],"product_tag":[10898,8401],"class_list":{"0":"post-14849","1":"product","2":"type-product","3":"status-publish","4":"has-post-thumbnail","6":"product_cat-laubbaume-und-straucher","7":"product_tag-naturlichen","8":"product_tag-hochstamm","9":"pa_altezza-massima-300-de","10":"pa_altezza-massima-400-de","11":"pa_colore-delle-foglie-roten","12":"pa_colore-fioritura-weis","13":"pa_condizionamento-clt-de","14":"pa_condizionamento-m-de","15":"pa_famiglia-leguminosae-de","16":"pa_genere-cercis-de","17":"pa_origine-u-s-a","18":"pa_periodo-fioritura-april-de","19":"pa_portamento-arrotondato-de","20":"pa_resistenza-climatica-sehr-hoch","21":"pa_resistenza-del-suolo-bestandig-gegen-kalkhaltige-boden","22":"pa_utilizzo-kleine-gaerten","24":"first","25":"instock","26":"purchasable","27":"product-type-simple"},"acf":[],"_links":{"self":[{"href":"https:\/\/innocentiemangonipiante.it\/de\/wp-json\/wp\/v2\/product\/14849","targetHints":{"allow":["GET"]}}],"collection":[{"href":"https:\/\/innocentiemangonipiante.it\/de\/wp-json\/wp\/v2\/product"}],"about":[{"href":"https:\/\/innocentiemangonipiante.it\/de\/wp-json\/wp\/v2\/types\/product"}],"wp:featuredmedia":[{"embeddable":true,"href":"https:\/\/innocentiemangonipiante.it\/de\/wp-json\/wp\/v2\/media\/1602"}],"wp:attachment":[{"href":"https:\/\/innocentiemangonipiante.it\/de\/wp-json\/wp\/v2\/media?parent=14849"}],"wp:term":[{"taxonomy":"product_brand","embeddable":true,"href":"https:\/\/innocentiemangonipiante.it\/de\/wp-json\/wp\/v2\/product_brand?post=14849"},{"taxonomy":"product_cat","embeddable":true,"href":"https:\/\/innocentiemangonipiante.it\/de\/wp-json\/wp\/v2\/product_cat?post=14849"},{"taxonomy":"product_tag","embeddable":true,"href":"https:\/\/innocentiemangonipiante.it\/de\/wp-json\/wp\/v2\/product_tag?post=14849"}],"curies":[{"name":"wp","href":"https:\/\/api.w.org\/{rel}","templated":true}]}}