{"id":14851,"date":"2023-11-04T00:07:58","date_gmt":"2023-11-03T23:07:58","guid":{"rendered":"http:\/\/innocentiemangonipiante.it\/cercis-canadensis-forest-pansy\/"},"modified":"2023-11-06T17:49:08","modified_gmt":"2023-11-06T16:49:08","slug":"cercis-canadensis-forest-pansy","status":"publish","type":"product","link":"https:\/\/innocentiemangonipiante.it\/de\/cercis-canadensis-forest-pansy\/","title":{"rendered":"CERCIS canadensis &#8218;Forest Pansy&#8216;"},"content":{"rendered":"<p>Kleiner Baum oder gro\u00dfer sommergr\u00fcner Strauch mit ausladendem Wuchs. Die herzf\u00f6migen, bis 10cm langen Bl\u00e4tter sind gespitzt an dem Gipflel, dunkel purpurrot und werden im Herbst gelb. Sehr dekorativer Stammbusch als Einzelst\u00fcck oder Hochstamm in effektvollen Strassen-Anreihungen.<\/p>\n","protected":false},"excerpt":{"rendered":"<p>Kleiner Baum oder gro\u00dfer sommergr\u00fcner Strauch mit ausladendem Wuchs. Die herzf\u00f6migen, bis 10cm langen Bl\u00e4tter sind gespitzt an dem Gipflel, dunkel purpurrot und werden im Herbst gelb. Sehr dekorativer Stammbusch als Einzelst\u00fcck oder Hochstamm in effektvollen Strassen-Anreihungen.<\/p>\n","protected":false},"featured_media":1590,"template":"","meta":{"_acf_changed":false},"product_brand":[],"product_cat":[8813],"product_tag":[10898,8401,10902],"class_list":{"0":"post-14851","1":"product","2":"type-product","3":"status-publish","4":"has-post-thumbnail","6":"product_cat-laubbaume-und-straucher","7":"product_tag-naturlichen","8":"product_tag-hochstamm","9":"product_tag-stammbusch","10":"pa_altezza-massima-500-de","11":"pa_altezza-massima-800-de","12":"pa_colore-delle-foglie-roten","13":"pa_colore-fioritura-rose-de","14":"pa_condizionamento-clt-de","15":"pa_condizionamento-m-de","16":"pa_famiglia-leguminosae-de","17":"pa_genere-cercis-de","18":"pa_origine-u-s-a","19":"pa_periodo-fioritura-april-de","20":"pa_portamento-eretto-de","21":"pa_resistenza-climatica-sehr-hoch","22":"pa_resistenza-del-suolo-bestandig-gegen-kalkhaltige-boden","23":"pa_resistenza-del-suolo-bestandig-gegen-trockene-boden","24":"pa_utilizzo-kleine-gaerten","26":"first","27":"instock","28":"purchasable","29":"product-type-simple"},"acf":[],"_links":{"self":[{"href":"https:\/\/innocentiemangonipiante.it\/de\/wp-json\/wp\/v2\/product\/14851","targetHints":{"allow":["GET"]}}],"collection":[{"href":"https:\/\/innocentiemangonipiante.it\/de\/wp-json\/wp\/v2\/product"}],"about":[{"href":"https:\/\/innocentiemangonipiante.it\/de\/wp-json\/wp\/v2\/types\/product"}],"wp:featuredmedia":[{"embeddable":true,"href":"https:\/\/innocentiemangonipiante.it\/de\/wp-json\/wp\/v2\/media\/1590"}],"wp:attachment":[{"href":"https:\/\/innocentiemangonipiante.it\/de\/wp-json\/wp\/v2\/media?parent=14851"}],"wp:term":[{"taxonomy":"product_brand","embeddable":true,"href":"https:\/\/innocentiemangonipiante.it\/de\/wp-json\/wp\/v2\/product_brand?post=14851"},{"taxonomy":"product_cat","embeddable":true,"href":"https:\/\/innocentiemangonipiante.it\/de\/wp-json\/wp\/v2\/product_cat?post=14851"},{"taxonomy":"product_tag","embeddable":true,"href":"https:\/\/innocentiemangonipiante.it\/de\/wp-json\/wp\/v2\/product_tag?post=14851"}],"curies":[{"name":"wp","href":"https:\/\/api.w.org\/{rel}","templated":true}]}}