{"id":14852,"date":"2023-11-04T00:09:18","date_gmt":"2023-11-03T23:09:18","guid":{"rendered":"http:\/\/innocentiemangonipiante.it\/cercis-chinensis-avondale\/"},"modified":"2023-11-06T17:50:10","modified_gmt":"2023-11-06T16:50:10","slug":"cercis-chinensis-avondale","status":"publish","type":"product","link":"https:\/\/innocentiemangonipiante.it\/de\/cercis-chinensis-avondale\/","title":{"rendered":"CERCIS chinensis &#8218;Avondale&#8216;"},"content":{"rendered":"<p>Strauch oder kleiner sommergr\u00fcner Baum sehr interessant f\u00fcr die wundersch\u00f6ne intensive dunkel-rosa-purpurrote Bl\u00fcte.<\/p>\n","protected":false},"excerpt":{"rendered":"<p>Strauch oder kleiner sommergr\u00fcner Baum sehr interessant f\u00fcr die wundersch\u00f6ne intensive dunkel-rosa-purpurrote Bl\u00fcte.<\/p>\n","protected":false},"featured_media":1608,"template":"","meta":{"_acf_changed":false},"product_brand":[],"product_cat":[8813,9231],"product_tag":[10898],"class_list":{"0":"post-14852","1":"product","2":"type-product","3":"status-publish","4":"has-post-thumbnail","6":"product_cat-laubbaume-und-straucher","7":"product_cat-baume-und-pflanzen-der-zukunft","8":"product_tag-naturlichen","9":"pa_altezza-massima-400-de","10":"pa_altezza-massima-600-de","11":"pa_colore-fioritura-rose-de","12":"pa_condizionamento-clt-de","13":"pa_condizionamento-m-de","14":"pa_famiglia-leguminosae-de","15":"pa_genere-cercis-de","16":"pa_origine-neuseeland-de","17":"pa_periodo-fioritura-april-de","18":"pa_portamento-arrotondato-de","19":"pa_resistenza-climatica-sehr-hoch","20":"pa_resistenza-del-suolo-bestandig-gegen-kalkhaltige-boden","21":"pa_resistenza-del-suolo-bestandig-gegen-trockene-boden","22":"pa_utilizzo-kleine-gaerten","23":"pa_utilizzo-parks-de","25":"first","26":"instock","27":"purchasable","28":"product-type-simple"},"acf":[],"_links":{"self":[{"href":"https:\/\/innocentiemangonipiante.it\/de\/wp-json\/wp\/v2\/product\/14852","targetHints":{"allow":["GET"]}}],"collection":[{"href":"https:\/\/innocentiemangonipiante.it\/de\/wp-json\/wp\/v2\/product"}],"about":[{"href":"https:\/\/innocentiemangonipiante.it\/de\/wp-json\/wp\/v2\/types\/product"}],"wp:featuredmedia":[{"embeddable":true,"href":"https:\/\/innocentiemangonipiante.it\/de\/wp-json\/wp\/v2\/media\/1608"}],"wp:attachment":[{"href":"https:\/\/innocentiemangonipiante.it\/de\/wp-json\/wp\/v2\/media?parent=14852"}],"wp:term":[{"taxonomy":"product_brand","embeddable":true,"href":"https:\/\/innocentiemangonipiante.it\/de\/wp-json\/wp\/v2\/product_brand?post=14852"},{"taxonomy":"product_cat","embeddable":true,"href":"https:\/\/innocentiemangonipiante.it\/de\/wp-json\/wp\/v2\/product_cat?post=14852"},{"taxonomy":"product_tag","embeddable":true,"href":"https:\/\/innocentiemangonipiante.it\/de\/wp-json\/wp\/v2\/product_tag?post=14852"}],"curies":[{"name":"wp","href":"https:\/\/api.w.org\/{rel}","templated":true}]}}