{"id":14856,"date":"2023-11-04T00:10:33","date_gmt":"2023-11-03T23:10:33","guid":{"rendered":"http:\/\/innocentiemangonipiante.it\/chaenomeles-speciosa-kinshiden\/"},"modified":"2023-11-06T17:50:52","modified_gmt":"2023-11-06T16:50:52","slug":"chaenomeles-speciosa-kinshiden","status":"publish","type":"product","link":"https:\/\/innocentiemangonipiante.it\/de\/chaenomeles-speciosa-kinshiden\/","title":{"rendered":"CHAENOMELES speciosa &#8218;Kinshiden&#8216;"},"content":{"rendered":"<p>Gro\u00dfe gef\u00fcllte wei\u00dfe Bl\u00fcten mit gr\u00fcnen Reflexen wie bei einer Kamellie, in gro\u00dfer Anzahl von M\u00e4rz bis Mai.<\/p>\n","protected":false},"excerpt":{"rendered":"<p>Gro\u00dfe gef\u00fcllte wei\u00dfe Bl\u00fcten mit gr\u00fcnen Reflexen wie bei einer Kamellie, in gro\u00dfer Anzahl von M\u00e4rz bis Mai.<\/p>\n","protected":false},"featured_media":1650,"template":"","meta":{"_acf_changed":false},"product_brand":[],"product_cat":[8813],"product_tag":[10898],"class_list":{"0":"post-14856","1":"product","2":"type-product","3":"status-publish","4":"has-post-thumbnail","6":"product_cat-laubbaume-und-straucher","7":"product_tag-naturlichen","8":"pa_altezza-massima-200-de","9":"pa_altezza-massima-300-de","10":"pa_colore-fioritura-weis","11":"pa_famiglia-rosaceae-de","12":"pa_genere-chaenomeles-de","13":"pa_inquinamento-bestaendigkeit-gegen-smog","14":"pa_origine-ostasien","15":"pa_periodo-fioritura-april-de","16":"pa_periodo-fioritura-mai-de","17":"pa_periodo-fioritura-maerz","18":"pa_portamento-cespuglioso-de","19":"pa_resistenza-climatica-mittel-hoch","20":"pa_resistenza-del-suolo-bestandig-gegen-kalkhaltige-boden","21":"pa_resistenza-del-suolo-bestandig-gegen-trockene-boden","22":"pa_salinita-bestaendigkeit-in-meeresluft","23":"pa_utilizzo-kleine-gaerten","25":"first","26":"instock","27":"purchasable","28":"product-type-simple"},"acf":[],"_links":{"self":[{"href":"https:\/\/innocentiemangonipiante.it\/de\/wp-json\/wp\/v2\/product\/14856","targetHints":{"allow":["GET"]}}],"collection":[{"href":"https:\/\/innocentiemangonipiante.it\/de\/wp-json\/wp\/v2\/product"}],"about":[{"href":"https:\/\/innocentiemangonipiante.it\/de\/wp-json\/wp\/v2\/types\/product"}],"wp:featuredmedia":[{"embeddable":true,"href":"https:\/\/innocentiemangonipiante.it\/de\/wp-json\/wp\/v2\/media\/1650"}],"wp:attachment":[{"href":"https:\/\/innocentiemangonipiante.it\/de\/wp-json\/wp\/v2\/media?parent=14856"}],"wp:term":[{"taxonomy":"product_brand","embeddable":true,"href":"https:\/\/innocentiemangonipiante.it\/de\/wp-json\/wp\/v2\/product_brand?post=14856"},{"taxonomy":"product_cat","embeddable":true,"href":"https:\/\/innocentiemangonipiante.it\/de\/wp-json\/wp\/v2\/product_cat?post=14856"},{"taxonomy":"product_tag","embeddable":true,"href":"https:\/\/innocentiemangonipiante.it\/de\/wp-json\/wp\/v2\/product_tag?post=14856"}],"curies":[{"name":"wp","href":"https:\/\/api.w.org\/{rel}","templated":true}]}}