{"id":14862,"date":"2023-11-04T00:12:24","date_gmt":"2023-11-03T23:12:24","guid":{"rendered":"http:\/\/innocentiemangonipiante.it\/chamaecyparis-obtusa-nana-gracilis\/"},"modified":"2023-11-06T17:52:00","modified_gmt":"2023-11-06T16:52:00","slug":"chamaecyparis-obtusa-nana-gracilis","status":"publish","type":"product","link":"https:\/\/innocentiemangonipiante.it\/de\/chamaecyparis-obtusa-nana-gracilis\/","title":{"rendered":"CHAMAECYPARIS obtusa &#8218;Nana Gracilis&#8216;"},"content":{"rendered":"<p>Nadelbaum langsamen Wachstums und kompakter, oft kugelf\u00f6rmiger Form. Leuchtend dunkelgr\u00fcnes, schuppenf\u00f6rmiges Blattwerk.<\/p>\n","protected":false},"excerpt":{"rendered":"<p>Nadelbaum langsamen Wachstums und kompakter, oft kugelf\u00f6rmiger Form. Leuchtend dunkelgr\u00fcnes, schuppenf\u00f6rmiges Blattwerk.<\/p>\n","protected":false},"featured_media":1698,"template":"","meta":{"_acf_changed":false},"product_brand":[],"product_cat":[8825],"product_tag":[10898,8736,8565],"class_list":{"0":"post-14862","1":"product","2":"type-product","3":"status-publish","4":"has-post-thumbnail","6":"product_cat-koniferen","7":"product_tag-naturlichen","8":"product_tag-fusstamm","9":"product_tag-halbstamm","10":"pa_altezza-massima-300-de","11":"pa_altezza-massima-400-de","12":"pa_condizionamento-clt-de","13":"pa_famiglia-cupressaceae-de","14":"pa_genere-chamaecyparis-de","15":"pa_inquinamento-bestaendigkeit-gegen-smog","16":"pa_origine-ostasien","17":"pa_portamento-arrotondato-de","18":"pa_resistenza-climatica-sehr-hoch","19":"pa_resistenza-del-suolo-bestandig-gegen-kalkhaltige-boden","20":"pa_resistenza-del-suolo-bestandigkeit-auf-feuchten-boden","21":"pa_utilizzo-kleine-gaerten","22":"pa_utilizzo-parks-de","24":"first","25":"instock","26":"purchasable","27":"product-type-simple"},"acf":[],"_links":{"self":[{"href":"https:\/\/innocentiemangonipiante.it\/de\/wp-json\/wp\/v2\/product\/14862","targetHints":{"allow":["GET"]}}],"collection":[{"href":"https:\/\/innocentiemangonipiante.it\/de\/wp-json\/wp\/v2\/product"}],"about":[{"href":"https:\/\/innocentiemangonipiante.it\/de\/wp-json\/wp\/v2\/types\/product"}],"wp:featuredmedia":[{"embeddable":true,"href":"https:\/\/innocentiemangonipiante.it\/de\/wp-json\/wp\/v2\/media\/1698"}],"wp:attachment":[{"href":"https:\/\/innocentiemangonipiante.it\/de\/wp-json\/wp\/v2\/media?parent=14862"}],"wp:term":[{"taxonomy":"product_brand","embeddable":true,"href":"https:\/\/innocentiemangonipiante.it\/de\/wp-json\/wp\/v2\/product_brand?post=14862"},{"taxonomy":"product_cat","embeddable":true,"href":"https:\/\/innocentiemangonipiante.it\/de\/wp-json\/wp\/v2\/product_cat?post=14862"},{"taxonomy":"product_tag","embeddable":true,"href":"https:\/\/innocentiemangonipiante.it\/de\/wp-json\/wp\/v2\/product_tag?post=14862"}],"curies":[{"name":"wp","href":"https:\/\/api.w.org\/{rel}","templated":true}]}}