{"id":14864,"date":"2023-11-04T00:12:05","date_gmt":"2023-11-03T23:12:05","guid":{"rendered":"http:\/\/innocentiemangonipiante.it\/chamaecyparis-nootkatensis-pendula\/"},"modified":"2023-11-06T17:51:28","modified_gmt":"2023-11-06T16:51:28","slug":"chamaecyparis-nootkatensis-pendula","status":"publish","type":"product","link":"https:\/\/innocentiemangonipiante.it\/de\/chamaecyparis-nootkatensis-pendula\/","title":{"rendered":"CHAMAECYPARIS nootkatensis &#8218;Pendula&#8216;"},"content":{"rendered":"<p>Ein Nadelbaum mit senkrecht bis zum Gipfel aufsteigendem Stamm mit nach unten h\u00e4ngenden Zweigen. Vom unregelm\u00e4\u00dfig waagerechten Astwerk zweigen herabh\u00e4ngende Seitenzweige ab. Dunkelgr\u00fcnes schuppenf\u00f6rmiges Laubwerk. Die grau-gr\u00fcne Rinde sch\u00e4lt sich beim Altern in Schuppen ab.<\/p>\n","protected":false},"excerpt":{"rendered":"<p>Ein Nadelbaum mit senkrecht bis zum Gipfel aufsteigendem Stamm mit nach unten h\u00e4ngenden Zweigen. Vom unregelm\u00e4\u00dfig waagerechten Astwerk zweigen herabh\u00e4ngende Seitenzweige ab. Dunkelgr\u00fcnes schuppenf\u00f6rmiges Laubwerk. Die grau-gr\u00fcne Rinde sch\u00e4lt sich beim Altern in Schuppen ab.<\/p>\n","protected":false},"featured_media":1686,"template":"","meta":{"_acf_changed":false},"product_brand":[],"product_cat":[8825],"product_tag":[10898],"class_list":{"0":"post-14864","1":"product","2":"type-product","3":"status-publish","4":"has-post-thumbnail","6":"product_cat-koniferen","7":"product_tag-naturlichen","8":"pa_altezza-massima-20-meter","9":"pa_altezza-massima-30-meter","10":"pa_condizionamento-clt-de","11":"pa_condizionamento-m-de","12":"pa_famiglia-cupressaceae-de","13":"pa_genere-chamaecyparis-de","14":"pa_inquinamento-bestaendigkeit-gegen-smog","15":"pa_origine-u-s-a","16":"pa_portamento-piangente-de","17":"pa_resistenza-climatica-sehr-hoch","18":"pa_resistenza-del-suolo-bestandig-gegen-kalkhaltige-boden","19":"pa_resistenza-del-suolo-bestandigkeit-auf-feuchten-boden","20":"pa_utilizzo-kleine-gaerten","21":"pa_utilizzo-parks-de","23":"first","24":"instock","25":"purchasable","26":"product-type-simple"},"acf":[],"_links":{"self":[{"href":"https:\/\/innocentiemangonipiante.it\/de\/wp-json\/wp\/v2\/product\/14864","targetHints":{"allow":["GET"]}}],"collection":[{"href":"https:\/\/innocentiemangonipiante.it\/de\/wp-json\/wp\/v2\/product"}],"about":[{"href":"https:\/\/innocentiemangonipiante.it\/de\/wp-json\/wp\/v2\/types\/product"}],"wp:featuredmedia":[{"embeddable":true,"href":"https:\/\/innocentiemangonipiante.it\/de\/wp-json\/wp\/v2\/media\/1686"}],"wp:attachment":[{"href":"https:\/\/innocentiemangonipiante.it\/de\/wp-json\/wp\/v2\/media?parent=14864"}],"wp:term":[{"taxonomy":"product_brand","embeddable":true,"href":"https:\/\/innocentiemangonipiante.it\/de\/wp-json\/wp\/v2\/product_brand?post=14864"},{"taxonomy":"product_cat","embeddable":true,"href":"https:\/\/innocentiemangonipiante.it\/de\/wp-json\/wp\/v2\/product_cat?post=14864"},{"taxonomy":"product_tag","embeddable":true,"href":"https:\/\/innocentiemangonipiante.it\/de\/wp-json\/wp\/v2\/product_tag?post=14864"}],"curies":[{"name":"wp","href":"https:\/\/api.w.org\/{rel}","templated":true}]}}