{"id":14865,"date":"2023-11-04T00:11:58","date_gmt":"2023-11-03T23:11:58","guid":{"rendered":"http:\/\/innocentiemangonipiante.it\/chamaecyparis-lawsoniana-stardust\/"},"modified":"2023-11-06T17:51:25","modified_gmt":"2023-11-06T16:51:25","slug":"chamaecyparis-lawsoniana-stardust","status":"publish","type":"product","link":"https:\/\/innocentiemangonipiante.it\/de\/chamaecyparis-lawsoniana-stardust\/","title":{"rendered":"CHAMAECYPARIS lawsoniana &#8218;Stardust&#8216;"},"content":{"rendered":"<p>S\u00e4ulen- bis kegelf\u00f6rmigere Nadelbaum mit sehr dichtem Astwerk und mattgelbem Laubwerk. Die Spitzen der Zweige h\u00e4ngen leicht nach unten.<\/p>\n","protected":false},"excerpt":{"rendered":"<p>S\u00e4ulen- bis kegelf\u00f6rmigere Nadelbaum mit sehr dichtem Astwerk und mattgelbem Laubwerk. Die Spitzen der Zweige h\u00e4ngen leicht nach unten.<\/p>\n","protected":false},"featured_media":1680,"template":"","meta":{"_acf_changed":false},"product_brand":[],"product_cat":[8825],"product_tag":[10898],"class_list":{"0":"post-14865","1":"product","2":"type-product","3":"status-publish","4":"has-post-thumbnail","6":"product_cat-koniferen","7":"product_tag-naturlichen","8":"pa_altezza-massima-500-de","9":"pa_altezza-massima-800-de","10":"pa_colore-delle-foglie-gelben","11":"pa_condizionamento-clt-de","12":"pa_condizionamento-jungplanzen","13":"pa_famiglia-cupressaceae-de","14":"pa_genere-chamaecyparis-de","15":"pa_inquinamento-bestaendigkeit-gegen-smog","16":"pa_origine-holland-de","17":"pa_portamento-conico-de","18":"pa_resistenza-climatica-sehr-hoch","19":"pa_resistenza-del-suolo-bestandig-gegen-kalkhaltige-boden","20":"pa_resistenza-del-suolo-bestandigkeit-auf-feuchten-boden","21":"pa_utilizzo-kleine-gaerten","22":"pa_utilizzo-parks-de","24":"first","25":"instock","26":"purchasable","27":"product-type-simple"},"acf":[],"_links":{"self":[{"href":"https:\/\/innocentiemangonipiante.it\/de\/wp-json\/wp\/v2\/product\/14865","targetHints":{"allow":["GET"]}}],"collection":[{"href":"https:\/\/innocentiemangonipiante.it\/de\/wp-json\/wp\/v2\/product"}],"about":[{"href":"https:\/\/innocentiemangonipiante.it\/de\/wp-json\/wp\/v2\/types\/product"}],"wp:featuredmedia":[{"embeddable":true,"href":"https:\/\/innocentiemangonipiante.it\/de\/wp-json\/wp\/v2\/media\/1680"}],"wp:attachment":[{"href":"https:\/\/innocentiemangonipiante.it\/de\/wp-json\/wp\/v2\/media?parent=14865"}],"wp:term":[{"taxonomy":"product_brand","embeddable":true,"href":"https:\/\/innocentiemangonipiante.it\/de\/wp-json\/wp\/v2\/product_brand?post=14865"},{"taxonomy":"product_cat","embeddable":true,"href":"https:\/\/innocentiemangonipiante.it\/de\/wp-json\/wp\/v2\/product_cat?post=14865"},{"taxonomy":"product_tag","embeddable":true,"href":"https:\/\/innocentiemangonipiante.it\/de\/wp-json\/wp\/v2\/product_tag?post=14865"}],"curies":[{"name":"wp","href":"https:\/\/api.w.org\/{rel}","templated":true}]}}