{"id":14866,"date":"2023-11-04T00:11:50","date_gmt":"2023-11-03T23:11:50","guid":{"rendered":"http:\/\/innocentiemangonipiante.it\/chamaecyparis-lawsoniana-elwoodii\/"},"modified":"2023-11-06T17:51:22","modified_gmt":"2023-11-06T16:51:22","slug":"chamaecyparis-lawsoniana-elwoodii","status":"publish","type":"product","link":"https:\/\/innocentiemangonipiante.it\/de\/chamaecyparis-lawsoniana-elwoodii\/","title":{"rendered":"CHAMAECYPARIS lawsoniana &#8218;Elwoodii&#8216;"},"content":{"rendered":"<p>Nadelbaum mit kegelf\u00f6rmigem, dichtem und kompaktem Wuchs. Die aufrechten Zweige haben sehr d\u00fcnne stahlblaue Bl\u00e4tter.<\/p>\n","protected":false},"excerpt":{"rendered":"<p>Nadelbaum mit kegelf\u00f6rmigem, dichtem und kompaktem Wuchs. Die aufrechten Zweige haben sehr d\u00fcnne stahlblaue Bl\u00e4tter.<\/p>\n","protected":false},"featured_media":1674,"template":"","meta":{"_acf_changed":false},"product_brand":[],"product_cat":[8825],"product_tag":[10898],"class_list":{"0":"post-14866","1":"product","2":"type-product","3":"status-publish","4":"has-post-thumbnail","6":"product_cat-koniferen","7":"product_tag-naturlichen","8":"pa_altezza-massima-200-de","9":"pa_altezza-massima-300-de","10":"pa_colore-delle-foglie-blau","11":"pa_condizionamento-clt-de","12":"pa_famiglia-cupressaceae-de","13":"pa_genere-chamaecyparis-de","14":"pa_inquinamento-bestaendigkeit-gegen-smog","15":"pa_origine-england-de","16":"pa_portamento-conico-de","17":"pa_resistenza-climatica-sehr-hoch","18":"pa_resistenza-del-suolo-bestandig-gegen-kalkhaltige-boden","19":"pa_resistenza-del-suolo-bestandigkeit-auf-feuchten-boden","20":"pa_utilizzo-kleine-gaerten","21":"pa_utilizzo-parks-de","23":"first","24":"instock","25":"purchasable","26":"product-type-simple"},"acf":[],"_links":{"self":[{"href":"https:\/\/innocentiemangonipiante.it\/de\/wp-json\/wp\/v2\/product\/14866","targetHints":{"allow":["GET"]}}],"collection":[{"href":"https:\/\/innocentiemangonipiante.it\/de\/wp-json\/wp\/v2\/product"}],"about":[{"href":"https:\/\/innocentiemangonipiante.it\/de\/wp-json\/wp\/v2\/types\/product"}],"wp:featuredmedia":[{"embeddable":true,"href":"https:\/\/innocentiemangonipiante.it\/de\/wp-json\/wp\/v2\/media\/1674"}],"wp:attachment":[{"href":"https:\/\/innocentiemangonipiante.it\/de\/wp-json\/wp\/v2\/media?parent=14866"}],"wp:term":[{"taxonomy":"product_brand","embeddable":true,"href":"https:\/\/innocentiemangonipiante.it\/de\/wp-json\/wp\/v2\/product_brand?post=14866"},{"taxonomy":"product_cat","embeddable":true,"href":"https:\/\/innocentiemangonipiante.it\/de\/wp-json\/wp\/v2\/product_cat?post=14866"},{"taxonomy":"product_tag","embeddable":true,"href":"https:\/\/innocentiemangonipiante.it\/de\/wp-json\/wp\/v2\/product_tag?post=14866"}],"curies":[{"name":"wp","href":"https:\/\/api.w.org\/{rel}","templated":true}]}}