{"id":14868,"date":"2023-11-04T00:13:05","date_gmt":"2023-11-03T23:13:05","guid":{"rendered":"http:\/\/innocentiemangonipiante.it\/chamaerops-humilis-compacta\/"},"modified":"2023-11-06T17:52:33","modified_gmt":"2023-11-06T16:52:33","slug":"chamaerops-humilis-compacta","status":"publish","type":"product","link":"https:\/\/innocentiemangonipiante.it\/de\/chamaerops-humilis-compacta\/","title":{"rendered":"CHAMAEROPS humilis &#8218;Compacta&#8216;"},"content":{"rendered":"<p>W\u00e4chst sehr kompakt mit steifen F\u00e4chern, geeignet f\u00fcr kleine G\u00e4rten und Terrassen. Urspr\u00fcnglich einer suditalienischen Volkaninsel. Sehr Frosthart (-15\u00b0C) und wiederstandsf\u00e4hig gegen Trockenheit und Salz.<\/p>\n","protected":false},"excerpt":{"rendered":"<p>W\u00e4chst sehr kompakt mit steifen F\u00e4chern, geeignet f\u00fcr kleine G\u00e4rten und Terrassen. Urspr\u00fcnglich einer suditalienischen Volkaninsel. Sehr Frosthart (-15\u00b0C) und wiederstandsf\u00e4hig gegen Trockenheit und Salz.<\/p>\n","protected":false},"featured_media":1716,"template":"","meta":{"_acf_changed":false},"product_brand":[],"product_cat":[8832],"product_tag":[10898],"class_list":{"0":"post-14868","1":"product","2":"type-product","3":"status-publish","4":"has-post-thumbnail","6":"product_cat-palmartig-und-saftig","7":"product_tag-naturlichen","8":"pa_altezza-massima-200-de","9":"pa_altezza-massima-300-de","10":"pa_condizionamento-clt-de","11":"pa_famiglia-palmae-de","12":"pa_genere-chamaerops-de","13":"pa_origine-italien","14":"pa_portamento-eretto-de","15":"pa_resistenza-climatica-mittel-hoch","16":"pa_resistenza-del-suolo-bestandig-gegen-trockene-boden","17":"pa_salinita-bestaendigkeit-in-meeresluft","18":"pa_utilizzo-balkone","19":"pa_utilizzo-kleine-gaerten","21":"first","22":"instock","23":"purchasable","24":"product-type-simple"},"acf":[],"_links":{"self":[{"href":"https:\/\/innocentiemangonipiante.it\/de\/wp-json\/wp\/v2\/product\/14868","targetHints":{"allow":["GET"]}}],"collection":[{"href":"https:\/\/innocentiemangonipiante.it\/de\/wp-json\/wp\/v2\/product"}],"about":[{"href":"https:\/\/innocentiemangonipiante.it\/de\/wp-json\/wp\/v2\/types\/product"}],"wp:featuredmedia":[{"embeddable":true,"href":"https:\/\/innocentiemangonipiante.it\/de\/wp-json\/wp\/v2\/media\/1716"}],"wp:attachment":[{"href":"https:\/\/innocentiemangonipiante.it\/de\/wp-json\/wp\/v2\/media?parent=14868"}],"wp:term":[{"taxonomy":"product_brand","embeddable":true,"href":"https:\/\/innocentiemangonipiante.it\/de\/wp-json\/wp\/v2\/product_brand?post=14868"},{"taxonomy":"product_cat","embeddable":true,"href":"https:\/\/innocentiemangonipiante.it\/de\/wp-json\/wp\/v2\/product_cat?post=14868"},{"taxonomy":"product_tag","embeddable":true,"href":"https:\/\/innocentiemangonipiante.it\/de\/wp-json\/wp\/v2\/product_tag?post=14868"}],"curies":[{"name":"wp","href":"https:\/\/api.w.org\/{rel}","templated":true}]}}