{"id":14873,"date":"2023-11-04T00:12:44","date_gmt":"2023-11-03T23:12:44","guid":{"rendered":"http:\/\/innocentiemangonipiante.it\/chamaerops-humilis\/"},"modified":"2023-11-06T17:52:15","modified_gmt":"2023-11-06T16:52:15","slug":"chamaerops-humilis","status":"publish","type":"product","link":"https:\/\/innocentiemangonipiante.it\/de\/chamaerops-humilis\/","title":{"rendered":"CHAMAEROPS humilis"},"content":{"rendered":"<p>Palmengew\u00e4chse langsamen Wachstums. Die Bl\u00e4tter sind gefiedert, leuchtend gr\u00fcn, bis zu 80 cm lang und bestehen aus 10 bis 15 linearischen Bl\u00e4ttchen, die in dichten B\u00fcscheln wachsen. Zu Sommerbeginn bringt sie dichte Rispen mit kleinen gelben Bl\u00fcten hervor, die 30 bis 40 cm lang werden.<\/p>\n","protected":false},"excerpt":{"rendered":"<p>Palmengew\u00e4chse langsamen Wachstums. Die Bl\u00e4tter sind gefiedert, leuchtend gr\u00fcn, bis zu 80 cm lang und bestehen aus 10 bis 15 linearischen Bl\u00e4ttchen, die in dichten B\u00fcscheln wachsen. Zu Sommerbeginn bringt sie dichte Rispen mit kleinen gelben Bl\u00fcten hervor, die 30 bis 40 cm lang werden.<\/p>\n","protected":false},"featured_media":1704,"template":"","meta":{"_acf_changed":false},"product_brand":[],"product_cat":[8832,9231],"product_tag":[10898,8597],"class_list":{"0":"post-14873","1":"product","2":"type-product","3":"status-publish","4":"has-post-thumbnail","6":"product_cat-palmartig-und-saftig","7":"product_cat-baume-und-pflanzen-der-zukunft","8":"product_tag-naturlichen","9":"product_tag-multistamm","10":"pa_altezza-massima-300-de","11":"pa_altezza-massima-600-de","12":"pa_colore-fioritura-gelbe","13":"pa_condizionamento-clt-de","14":"pa_condizionamento-jungplanzen","15":"pa_famiglia-palmae-de","16":"pa_genere-chamaerops-de","17":"pa_origine-sudeuropa-de","18":"pa_periodo-fioritura-juni","19":"pa_portamento-eretto-de","20":"pa_resistenza-climatica-mittel-hoch","21":"pa_resistenza-del-suolo-bestandig-gegen-trockene-boden","22":"pa_salinita-bestaendigkeit-in-meeresluft","23":"pa_utilizzo-balkone","24":"pa_utilizzo-kleine-gaerten","26":"first","27":"instock","28":"purchasable","29":"product-type-simple"},"acf":[],"_links":{"self":[{"href":"https:\/\/innocentiemangonipiante.it\/de\/wp-json\/wp\/v2\/product\/14873","targetHints":{"allow":["GET"]}}],"collection":[{"href":"https:\/\/innocentiemangonipiante.it\/de\/wp-json\/wp\/v2\/product"}],"about":[{"href":"https:\/\/innocentiemangonipiante.it\/de\/wp-json\/wp\/v2\/types\/product"}],"wp:featuredmedia":[{"embeddable":true,"href":"https:\/\/innocentiemangonipiante.it\/de\/wp-json\/wp\/v2\/media\/1704"}],"wp:attachment":[{"href":"https:\/\/innocentiemangonipiante.it\/de\/wp-json\/wp\/v2\/media?parent=14873"}],"wp:term":[{"taxonomy":"product_brand","embeddable":true,"href":"https:\/\/innocentiemangonipiante.it\/de\/wp-json\/wp\/v2\/product_brand?post=14873"},{"taxonomy":"product_cat","embeddable":true,"href":"https:\/\/innocentiemangonipiante.it\/de\/wp-json\/wp\/v2\/product_cat?post=14873"},{"taxonomy":"product_tag","embeddable":true,"href":"https:\/\/innocentiemangonipiante.it\/de\/wp-json\/wp\/v2\/product_tag?post=14873"}],"curies":[{"name":"wp","href":"https:\/\/api.w.org\/{rel}","templated":true}]}}