{"id":14874,"date":"2023-11-04T00:13:31","date_gmt":"2023-11-03T23:13:31","guid":{"rendered":"http:\/\/innocentiemangonipiante.it\/chionanthus-virginicus\/"},"modified":"2023-11-06T17:52:45","modified_gmt":"2023-11-06T16:52:45","slug":"chionanthus-virginicus","status":"publish","type":"product","link":"https:\/\/innocentiemangonipiante.it\/de\/chionanthus-virginicus\/","title":{"rendered":"CHIONANTHUS virginicus"},"content":{"rendered":"<p>Sommergr\u00fcner, breitwachsender Strauch oder kleiner Baum. Elliptische, dunkelgr\u00fcne bis 20cm langen Bl\u00e4tter. Im Sommer tr\u00e4gt er weisse, duftende, bis 20cm herabh\u00e4ngenden Bl\u00fctenrispen, Dann kleine schwarzblaue Beeren. Bevorzugt saure B\u00f6den.<\/p>\n","protected":false},"excerpt":{"rendered":"<p>Sommergr\u00fcner, breitwachsender Strauch oder kleiner Baum. Elliptische, dunkelgr\u00fcne bis 20cm langen Bl\u00e4tter. Im Sommer tr\u00e4gt er weisse, duftende, bis 20cm herabh\u00e4ngenden Bl\u00fctenrispen, Dann kleine schwarzblaue Beeren. Bevorzugt saure B\u00f6den.<\/p>\n","protected":false},"featured_media":1722,"template":"","meta":{"_acf_changed":false},"product_brand":[],"product_cat":[8813],"product_tag":[10898],"class_list":{"0":"post-14874","1":"product","2":"type-product","3":"status-publish","4":"has-post-thumbnail","6":"product_cat-laubbaume-und-straucher","7":"product_tag-naturlichen","8":"pa_altezza-massima-300-de","9":"pa_altezza-massima-400-de","10":"pa_colore-fioritura-weis","11":"pa_condizionamento-clt-de","12":"pa_famiglia-oleaceae-de","13":"pa_genere-chionanthus-de","14":"pa_origine-u-s-a","15":"pa_periodo-fioritura-august-de","16":"pa_periodo-fioritura-juli","17":"pa_portamento-arrotondato-de","18":"pa_profumo-intensiv","19":"pa_resistenza-climatica-sehr-hoch","20":"pa_resistenza-del-suolo-bestandig-gegen-kalkhaltige-boden","21":"pa_resistenza-del-suolo-bestandigkeit-auf-feuchten-boden","22":"pa_utilizzo-kleine-gaerten","23":"pa_utilizzo-parks-de","25":"first","26":"instock","27":"purchasable","28":"product-type-simple"},"acf":[],"_links":{"self":[{"href":"https:\/\/innocentiemangonipiante.it\/de\/wp-json\/wp\/v2\/product\/14874","targetHints":{"allow":["GET"]}}],"collection":[{"href":"https:\/\/innocentiemangonipiante.it\/de\/wp-json\/wp\/v2\/product"}],"about":[{"href":"https:\/\/innocentiemangonipiante.it\/de\/wp-json\/wp\/v2\/types\/product"}],"wp:featuredmedia":[{"embeddable":true,"href":"https:\/\/innocentiemangonipiante.it\/de\/wp-json\/wp\/v2\/media\/1722"}],"wp:attachment":[{"href":"https:\/\/innocentiemangonipiante.it\/de\/wp-json\/wp\/v2\/media?parent=14874"}],"wp:term":[{"taxonomy":"product_brand","embeddable":true,"href":"https:\/\/innocentiemangonipiante.it\/de\/wp-json\/wp\/v2\/product_brand?post=14874"},{"taxonomy":"product_cat","embeddable":true,"href":"https:\/\/innocentiemangonipiante.it\/de\/wp-json\/wp\/v2\/product_cat?post=14874"},{"taxonomy":"product_tag","embeddable":true,"href":"https:\/\/innocentiemangonipiante.it\/de\/wp-json\/wp\/v2\/product_tag?post=14874"}],"curies":[{"name":"wp","href":"https:\/\/api.w.org\/{rel}","templated":true}]}}