{"id":14875,"date":"2023-11-04T00:13:37","date_gmt":"2023-11-03T23:13:37","guid":{"rendered":"http:\/\/innocentiemangonipiante.it\/chitalpa-tashkentensis\/"},"modified":"2023-11-06T17:52:48","modified_gmt":"2023-11-06T16:52:48","slug":"chitalpa-tashkentensis","status":"publish","type":"product","link":"https:\/\/innocentiemangonipiante.it\/de\/chitalpa-tashkentensis\/","title":{"rendered":"CHITALPA tashkentensis"},"content":{"rendered":"<p>Mittelgr\u00f6sser Strauch oder kleiner sommergr\u00fcner Baum. Schmale helgr\u00fcne, l\u00e4ngliche Bl\u00e4tter. Hell-rosafarbige, trompetenf\u00f6rmige Bl\u00fcten.<\/p>\n","protected":false},"excerpt":{"rendered":"<p>Mittelgr\u00f6sser Strauch oder kleiner sommergr\u00fcner Baum. Schmale helgr\u00fcne, l\u00e4ngliche Bl\u00e4tter. Hell-rosafarbige, trompetenf\u00f6rmige Bl\u00fcten.<\/p>\n","protected":false},"featured_media":1728,"template":"","meta":{"_acf_changed":false},"product_brand":[],"product_cat":[8813],"product_tag":[10898,8401,8597],"class_list":{"0":"post-14875","1":"product","2":"type-product","3":"status-publish","4":"has-post-thumbnail","6":"product_cat-laubbaume-und-straucher","7":"product_tag-naturlichen","8":"product_tag-hochstamm","9":"product_tag-multistamm","10":"pa_altezza-massima-500-de","11":"pa_altezza-massima-800-de","12":"pa_colore-fioritura-violett","13":"pa_condizionamento-clt-de","14":"pa_condizionamento-m-de","15":"pa_famiglia-bignoniaceae-de","16":"pa_genere-chitalpa-de","17":"pa_origine-u-s-a","18":"pa_periodo-fioritura-august-de","19":"pa_periodo-fioritura-juli","20":"pa_periodo-fioritura-juni","21":"pa_periodo-fioritura-oktober","22":"pa_periodo-fioritura-september-de","23":"pa_portamento-arrotondato-de","24":"pa_resistenza-climatica-mittel-hoch","25":"pa_utilizzo-kleine-gaerten","26":"pa_utilizzo-parks-de","28":"first","29":"instock","30":"purchasable","31":"product-type-simple"},"acf":[],"_links":{"self":[{"href":"https:\/\/innocentiemangonipiante.it\/de\/wp-json\/wp\/v2\/product\/14875","targetHints":{"allow":["GET"]}}],"collection":[{"href":"https:\/\/innocentiemangonipiante.it\/de\/wp-json\/wp\/v2\/product"}],"about":[{"href":"https:\/\/innocentiemangonipiante.it\/de\/wp-json\/wp\/v2\/types\/product"}],"wp:featuredmedia":[{"embeddable":true,"href":"https:\/\/innocentiemangonipiante.it\/de\/wp-json\/wp\/v2\/media\/1728"}],"wp:attachment":[{"href":"https:\/\/innocentiemangonipiante.it\/de\/wp-json\/wp\/v2\/media?parent=14875"}],"wp:term":[{"taxonomy":"product_brand","embeddable":true,"href":"https:\/\/innocentiemangonipiante.it\/de\/wp-json\/wp\/v2\/product_brand?post=14875"},{"taxonomy":"product_cat","embeddable":true,"href":"https:\/\/innocentiemangonipiante.it\/de\/wp-json\/wp\/v2\/product_cat?post=14875"},{"taxonomy":"product_tag","embeddable":true,"href":"https:\/\/innocentiemangonipiante.it\/de\/wp-json\/wp\/v2\/product_tag?post=14875"}],"curies":[{"name":"wp","href":"https:\/\/api.w.org\/{rel}","templated":true}]}}